{"id":9579,"date":"2020-05-11T16:53:57","date_gmt":"2020-05-11T16:53:57","guid":{"rendered":"https:\/\/itpharmalab.com\/?post_type=product&#038;p=9579"},"modified":"2025-02-04T04:16:39","modified_gmt":"2025-02-04T04:16:39","slug":"inbiogenase","status":"publish","type":"product","link":"https:\/\/fervent-dubinsky.82-165-171-139.plesk.page\/?product=inbiogenase","title":{"rendered":"Inbiogenase"},"content":{"rendered":"<p>La colagenasa es una enzima que rompe los enlaces de p\u00e9ptidos del col\u00e1geno interviniendo en su reestructuraci\u00f3n, ayudando de esta manera a disolver las fibras de col\u00e1geno en fase de descomposici\u00f3n junto a los adipocitos presentes en los n\u00f3dulos celul\u00edticos mejorando el aspecto de la piel y la flacidez especialmente en casos de celulitis fibrosa y grasa localizada. Inbiogenase degrada el col\u00e1geno viejo y genera producci\u00f3n de col\u00e1geno. Esto consigue un aspecto m\u00e1s saludable de la piel reafirm\u00e1ndola y fortaleci\u00e9ndola.<\/p>\n","protected":false},"excerpt":{"rendered":"<p>Liofilizado cuyos ingredientes activos ayudan a mejorar la flacidez de la piel, celulitis fibrosa y grasa localizada.<\/p>\n","protected":false},"featured_media":34084,"comment_status":"open","ping_status":"closed","template":"","meta":{"_seopress_robots_primary_cat":"none","_seopress_titles_title":"Inbiogenase, consigue un aspecto m\u00e1s saludable de la piel","_seopress_titles_desc":"Inbiogenase degrada el col\u00e1geno viejo y genera producci\u00f3n de col\u00e1geno, reafirmando y fortaleciendo la piel.","_seopress_robots_index":""},"product_brand":[],"product_cat":[837,830,857,855,836],"product_tag":[],"class_list":{"0":"post-9579","1":"product","2":"type-product","3":"status-publish","4":"has-post-thumbnail","6":"product_cat-corporal","7":"product_cat-estetica-profesional","8":"product_cat-inbiotec","9":"product_cat-lineas-de-producto-estetica","10":"product_cat-microneedling","12":"first","13":"instock","14":"taxable","15":"shipping-taxable","16":"product-type-simple"},"_links":{"self":[{"href":"https:\/\/fervent-dubinsky.82-165-171-139.plesk.page\/index.php?rest_route=\/wp\/v2\/product\/9579","targetHints":{"allow":["GET"]}}],"collection":[{"href":"https:\/\/fervent-dubinsky.82-165-171-139.plesk.page\/index.php?rest_route=\/wp\/v2\/product"}],"about":[{"href":"https:\/\/fervent-dubinsky.82-165-171-139.plesk.page\/index.php?rest_route=\/wp\/v2\/types\/product"}],"replies":[{"embeddable":true,"href":"https:\/\/fervent-dubinsky.82-165-171-139.plesk.page\/index.php?rest_route=%2Fwp%2Fv2%2Fcomments&post=9579"}],"version-history":[{"count":7,"href":"https:\/\/fervent-dubinsky.82-165-171-139.plesk.page\/index.php?rest_route=\/wp\/v2\/product\/9579\/revisions"}],"predecessor-version":[{"id":35741,"href":"https:\/\/fervent-dubinsky.82-165-171-139.plesk.page\/index.php?rest_route=\/wp\/v2\/product\/9579\/revisions\/35741"}],"wp:featuredmedia":[{"embeddable":true,"href":"https:\/\/fervent-dubinsky.82-165-171-139.plesk.page\/index.php?rest_route=\/wp\/v2\/media\/34084"}],"wp:attachment":[{"href":"https:\/\/fervent-dubinsky.82-165-171-139.plesk.page\/index.php?rest_route=%2Fwp%2Fv2%2Fmedia&parent=9579"}],"wp:term":[{"taxonomy":"product_brand","embeddable":true,"href":"https:\/\/fervent-dubinsky.82-165-171-139.plesk.page\/index.php?rest_route=%2Fwp%2Fv2%2Fproduct_brand&post=9579"},{"taxonomy":"product_cat","embeddable":true,"href":"https:\/\/fervent-dubinsky.82-165-171-139.plesk.page\/index.php?rest_route=%2Fwp%2Fv2%2Fproduct_cat&post=9579"},{"taxonomy":"product_tag","embeddable":true,"href":"https:\/\/fervent-dubinsky.82-165-171-139.plesk.page\/index.php?rest_route=%2Fwp%2Fv2%2Fproduct_tag&post=9579"}],"curies":[{"name":"wp","href":"https:\/\/api.w.org\/{rel}","templated":true}]}}