{"id":9564,"date":"2020-05-11T16:18:42","date_gmt":"2020-05-11T16:18:42","guid":{"rendered":"https:\/\/itpharmalab.com\/?post_type=product&#038;p=9564"},"modified":"2025-02-04T04:19:41","modified_gmt":"2025-02-04T04:19:41","slug":"inbioshine","status":"publish","type":"product","link":"https:\/\/fervent-dubinsky.82-165-171-139.plesk.page\/?product=inbioshine","title":{"rendered":"Inbioshine"},"content":{"rendered":"<p>Inbioshine ofrece efectos antienvejecimiento, blanqueadores e iluminadores intensos. Su f\u00f3rmula combina L-Glutati\u00f3n y vitamina C (\u00e1cido asc\u00f3rbico) en un complejo natural que maximiza el aclarado y rejuvenecimiento de la piel. Posee acci\u00f3n antioxidante que protege contra los radicales libres, previniendo el envejecimiento prematuro. Tambi\u00e9n unifica el tono de la piel, aclara manchas oscuras y previene la formaci\u00f3n de espinillas, aportando luminosidad y frescura.<\/p>\n","protected":false},"excerpt":{"rendered":"<p>Liofilizado cuyos ingredientes activos ayudan a iluminar la piel gracias a sus funciones blanqueantes, antioxidantes y despigmentantes.<\/p>\n","protected":false},"featured_media":34102,"comment_status":"open","ping_status":"closed","template":"","meta":{"_seopress_robots_primary_cat":"none","_seopress_titles_title":"Inbioshine, antienvejecimiento y luminosidad para la piel","_seopress_titles_desc":"Inbioshine, complejo natural y que aporta una combinaci\u00f3n sin\u00e9rgica de efectos antienvejecimiento, aclarado intenso y luminosidad a la piel.","_seopress_robots_index":""},"product_brand":[],"product_cat":[833,830,857,836],"product_tag":[],"class_list":{"0":"post-9564","1":"product","2":"type-product","3":"status-publish","4":"has-post-thumbnail","6":"product_cat-antioxidante-estetica-profesional","7":"product_cat-estetica-profesional","8":"product_cat-inbiotec","9":"product_cat-microneedling","11":"first","12":"instock","13":"taxable","14":"shipping-taxable","15":"product-type-simple"},"_links":{"self":[{"href":"https:\/\/fervent-dubinsky.82-165-171-139.plesk.page\/index.php?rest_route=\/wp\/v2\/product\/9564","targetHints":{"allow":["GET"]}}],"collection":[{"href":"https:\/\/fervent-dubinsky.82-165-171-139.plesk.page\/index.php?rest_route=\/wp\/v2\/product"}],"about":[{"href":"https:\/\/fervent-dubinsky.82-165-171-139.plesk.page\/index.php?rest_route=\/wp\/v2\/types\/product"}],"replies":[{"embeddable":true,"href":"https:\/\/fervent-dubinsky.82-165-171-139.plesk.page\/index.php?rest_route=%2Fwp%2Fv2%2Fcomments&post=9564"}],"version-history":[{"count":6,"href":"https:\/\/fervent-dubinsky.82-165-171-139.plesk.page\/index.php?rest_route=\/wp\/v2\/product\/9564\/revisions"}],"predecessor-version":[{"id":38290,"href":"https:\/\/fervent-dubinsky.82-165-171-139.plesk.page\/index.php?rest_route=\/wp\/v2\/product\/9564\/revisions\/38290"}],"wp:featuredmedia":[{"embeddable":true,"href":"https:\/\/fervent-dubinsky.82-165-171-139.plesk.page\/index.php?rest_route=\/wp\/v2\/media\/34102"}],"wp:attachment":[{"href":"https:\/\/fervent-dubinsky.82-165-171-139.plesk.page\/index.php?rest_route=%2Fwp%2Fv2%2Fmedia&parent=9564"}],"wp:term":[{"taxonomy":"product_brand","embeddable":true,"href":"https:\/\/fervent-dubinsky.82-165-171-139.plesk.page\/index.php?rest_route=%2Fwp%2Fv2%2Fproduct_brand&post=9564"},{"taxonomy":"product_cat","embeddable":true,"href":"https:\/\/fervent-dubinsky.82-165-171-139.plesk.page\/index.php?rest_route=%2Fwp%2Fv2%2Fproduct_cat&post=9564"},{"taxonomy":"product_tag","embeddable":true,"href":"https:\/\/fervent-dubinsky.82-165-171-139.plesk.page\/index.php?rest_route=%2Fwp%2Fv2%2Fproduct_tag&post=9564"}],"curies":[{"name":"wp","href":"https:\/\/api.w.org\/{rel}","templated":true}]}}