{"id":9553,"date":"2020-05-11T11:23:27","date_gmt":"2020-05-11T11:23:27","guid":{"rendered":"https:\/\/itpharmalab.com\/?post_type=product&#038;p=9553"},"modified":"2026-02-13T00:34:04","modified_gmt":"2026-02-13T00:34:04","slug":"inbiozyme","status":"publish","type":"product","link":"https:\/\/fervent-dubinsky.82-165-171-139.plesk.page\/?product=inbiozyme","title":{"rendered":"Inbiozyme"},"content":{"rendered":"<p>Inbiozyme utiliza enzimas bioactivas liofilizadas como una soluci\u00f3n innovadora para tratar adiposidades localizadas, celulitis y flacidez, incluso en la zona de la papada. Su f\u00f3rmula combina lipasa y hialuronidasa, junto con cafe\u00edna, carnitina y retinol, en una sinergia efectiva para reducir la grasa localizada, mejorar la microcirculaci\u00f3n y fortalecer la dermis. Estudios respaldan su eficacia como adelgazante t\u00f3pico.<\/p>\n","protected":false},"excerpt":{"rendered":"<p>Liofilizado cuyos ingredientes activos combaten las adiposidades localizadas, celulitis y flacidez de la dermis.<\/p>\n","protected":false},"featured_media":34042,"comment_status":"open","ping_status":"closed","template":"","meta":{"_seopress_robots_primary_cat":"none","_seopress_titles_title":"Inbiozyme, acci\u00f3n y eficacia como adelgazante t\u00f3pico \ud83d\udd25","_seopress_titles_desc":"\u00a1InBiozyme de ITPharma! \ud83d\udd25 Enzimas potentes eliminan grasa localizada, celulitis y flacidez. Lipasa + hialuronidasa para resultados YA. \u00a1Transforma tu cuerpo!","_seopress_robots_index":""},"product_brand":[],"product_cat":[837,830,857,836],"product_tag":[],"class_list":{"0":"post-9553","1":"product","2":"type-product","3":"status-publish","4":"has-post-thumbnail","6":"product_cat-corporal","7":"product_cat-estetica-profesional","8":"product_cat-inbiotec","9":"product_cat-microneedling","11":"first","12":"instock","13":"taxable","14":"shipping-taxable","15":"product-type-simple"},"_links":{"self":[{"href":"https:\/\/fervent-dubinsky.82-165-171-139.plesk.page\/index.php?rest_route=\/wp\/v2\/product\/9553","targetHints":{"allow":["GET"]}}],"collection":[{"href":"https:\/\/fervent-dubinsky.82-165-171-139.plesk.page\/index.php?rest_route=\/wp\/v2\/product"}],"about":[{"href":"https:\/\/fervent-dubinsky.82-165-171-139.plesk.page\/index.php?rest_route=\/wp\/v2\/types\/product"}],"replies":[{"embeddable":true,"href":"https:\/\/fervent-dubinsky.82-165-171-139.plesk.page\/index.php?rest_route=%2Fwp%2Fv2%2Fcomments&post=9553"}],"version-history":[{"count":5,"href":"https:\/\/fervent-dubinsky.82-165-171-139.plesk.page\/index.php?rest_route=\/wp\/v2\/product\/9553\/revisions"}],"predecessor-version":[{"id":35743,"href":"https:\/\/fervent-dubinsky.82-165-171-139.plesk.page\/index.php?rest_route=\/wp\/v2\/product\/9553\/revisions\/35743"}],"wp:featuredmedia":[{"embeddable":true,"href":"https:\/\/fervent-dubinsky.82-165-171-139.plesk.page\/index.php?rest_route=\/wp\/v2\/media\/34042"}],"wp:attachment":[{"href":"https:\/\/fervent-dubinsky.82-165-171-139.plesk.page\/index.php?rest_route=%2Fwp%2Fv2%2Fmedia&parent=9553"}],"wp:term":[{"taxonomy":"product_brand","embeddable":true,"href":"https:\/\/fervent-dubinsky.82-165-171-139.plesk.page\/index.php?rest_route=%2Fwp%2Fv2%2Fproduct_brand&post=9553"},{"taxonomy":"product_cat","embeddable":true,"href":"https:\/\/fervent-dubinsky.82-165-171-139.plesk.page\/index.php?rest_route=%2Fwp%2Fv2%2Fproduct_cat&post=9553"},{"taxonomy":"product_tag","embeddable":true,"href":"https:\/\/fervent-dubinsky.82-165-171-139.plesk.page\/index.php?rest_route=%2Fwp%2Fv2%2Fproduct_tag&post=9553"}],"curies":[{"name":"wp","href":"https:\/\/api.w.org\/{rel}","templated":true}]}}