{"id":9543,"date":"2020-05-11T10:45:32","date_gmt":"2020-05-11T10:45:32","guid":{"rendered":"https:\/\/itpharmalab.com\/?post_type=product&#038;p=9543"},"modified":"2025-06-27T10:07:41","modified_gmt":"2025-06-27T10:07:41","slug":"inbiodrain","status":"publish","type":"product","link":"https:\/\/fervent-dubinsky.82-165-171-139.plesk.page\/?product=inbiodrain","title":{"rendered":"Inbiodrain"},"content":{"rendered":"<p>Inbiodrain utiliza una presentaci\u00f3n liofilizada para mantener la actividad de los ingredientes, incrementando la permeabilidad d\u00e9rmica.<\/p>\n","protected":false},"excerpt":{"rendered":"<p>Liofilizado a base de hialuronidasa que degrada el HA e incrementa la permeabilidad d\u00e9rmica.<\/p>\n","protected":false},"featured_media":73443,"comment_status":"open","ping_status":"closed","template":"","meta":{"_seopress_robots_primary_cat":"none","_seopress_titles_title":"Inbiodrain, aumento del drenaje linf\u00e1tico y mejora del flujo sangu\u00edneo","_seopress_titles_desc":"Inbiodrain facilita la degradaci\u00f3n de mol\u00e9culas de polisac\u00e1ridos responsables de la acumulaci\u00f3n excesiva y mejora la retenci\u00f3n de l\u00edquidos.","_seopress_robots_index":""},"product_brand":[],"product_cat":[837,830,857,836],"product_tag":[],"class_list":{"0":"post-9543","1":"product","2":"type-product","3":"status-publish","4":"has-post-thumbnail","6":"product_cat-corporal","7":"product_cat-estetica-profesional","8":"product_cat-inbiotec","9":"product_cat-microneedling","11":"first","12":"instock","13":"taxable","14":"shipping-taxable","15":"product-type-simple"},"_links":{"self":[{"href":"https:\/\/fervent-dubinsky.82-165-171-139.plesk.page\/index.php?rest_route=\/wp\/v2\/product\/9543","targetHints":{"allow":["GET"]}}],"collection":[{"href":"https:\/\/fervent-dubinsky.82-165-171-139.plesk.page\/index.php?rest_route=\/wp\/v2\/product"}],"about":[{"href":"https:\/\/fervent-dubinsky.82-165-171-139.plesk.page\/index.php?rest_route=\/wp\/v2\/types\/product"}],"replies":[{"embeddable":true,"href":"https:\/\/fervent-dubinsky.82-165-171-139.plesk.page\/index.php?rest_route=%2Fwp%2Fv2%2Fcomments&post=9543"}],"version-history":[{"count":8,"href":"https:\/\/fervent-dubinsky.82-165-171-139.plesk.page\/index.php?rest_route=\/wp\/v2\/product\/9543\/revisions"}],"predecessor-version":[{"id":71396,"href":"https:\/\/fervent-dubinsky.82-165-171-139.plesk.page\/index.php?rest_route=\/wp\/v2\/product\/9543\/revisions\/71396"}],"wp:featuredmedia":[{"embeddable":true,"href":"https:\/\/fervent-dubinsky.82-165-171-139.plesk.page\/index.php?rest_route=\/wp\/v2\/media\/73443"}],"wp:attachment":[{"href":"https:\/\/fervent-dubinsky.82-165-171-139.plesk.page\/index.php?rest_route=%2Fwp%2Fv2%2Fmedia&parent=9543"}],"wp:term":[{"taxonomy":"product_brand","embeddable":true,"href":"https:\/\/fervent-dubinsky.82-165-171-139.plesk.page\/index.php?rest_route=%2Fwp%2Fv2%2Fproduct_brand&post=9543"},{"taxonomy":"product_cat","embeddable":true,"href":"https:\/\/fervent-dubinsky.82-165-171-139.plesk.page\/index.php?rest_route=%2Fwp%2Fv2%2Fproduct_cat&post=9543"},{"taxonomy":"product_tag","embeddable":true,"href":"https:\/\/fervent-dubinsky.82-165-171-139.plesk.page\/index.php?rest_route=%2Fwp%2Fv2%2Fproduct_tag&post=9543"}],"curies":[{"name":"wp","href":"https:\/\/api.w.org\/{rel}","templated":true}]}}