{"id":9528,"date":"2020-05-07T17:20:34","date_gmt":"2020-05-07T17:20:34","guid":{"rendered":"https:\/\/itpharmalab.com\/?post_type=product&#038;p=9528"},"modified":"2025-02-04T04:17:58","modified_gmt":"2025-02-04T04:17:58","slug":"inbioregen","status":"publish","type":"product","link":"https:\/\/fervent-dubinsky.82-165-171-139.plesk.page\/?product=inbioregen","title":{"rendered":"Inbioregen"},"content":{"rendered":"<p>Inbioregen act\u00faa tanto en la superficie como en las capas m\u00e1s profundas del tejido cut\u00e1neo, alisando la piel y eliminando las capas externas deterioradas. Estimula notablemente la actividad metab\u00f3lica y el poder regenerante de la piel. Esta soluci\u00f3n regeneradora y rejuvenecedora contiene m\u00e1s de 60 ingredientes activos, incluyendo vitaminas y amino\u00e1cidos, para mejorar el estado general de la dermis.<\/p>\n","protected":false},"excerpt":{"rendered":"<p>Soluci\u00f3n cuyos ingredientes activos act\u00faan como un Skin Builder, regenerando y alisando la dermis.<\/p>\n","protected":false},"featured_media":33964,"comment_status":"open","ping_status":"closed","template":"","meta":{"_seopress_robots_primary_cat":"none","_seopress_titles_title":"Inbioregen, rejuvenecimiento facial y regenerador del tejido","_seopress_titles_desc":"Inbioregen, dermorregenerador que act\u00faa sobre la superficie y los estratos m\u00e1s internos del tejido cut\u00e1neo aumentando su actividad metab\u00f3lica.","_seopress_robots_index":""},"product_brand":[],"product_cat":[833,835,830,840,857,836],"product_tag":[],"class_list":{"0":"post-9528","1":"product","2":"type-product","3":"status-publish","4":"has-post-thumbnail","6":"product_cat-antioxidante-estetica-profesional","7":"product_cat-cicatrices","8":"product_cat-estetica-profesional","9":"product_cat-hidratacion","10":"product_cat-inbiotec","11":"product_cat-microneedling","13":"first","14":"instock","15":"taxable","16":"shipping-taxable","17":"product-type-simple"},"_links":{"self":[{"href":"https:\/\/fervent-dubinsky.82-165-171-139.plesk.page\/index.php?rest_route=\/wp\/v2\/product\/9528","targetHints":{"allow":["GET"]}}],"collection":[{"href":"https:\/\/fervent-dubinsky.82-165-171-139.plesk.page\/index.php?rest_route=\/wp\/v2\/product"}],"about":[{"href":"https:\/\/fervent-dubinsky.82-165-171-139.plesk.page\/index.php?rest_route=\/wp\/v2\/types\/product"}],"replies":[{"embeddable":true,"href":"https:\/\/fervent-dubinsky.82-165-171-139.plesk.page\/index.php?rest_route=%2Fwp%2Fv2%2Fcomments&post=9528"}],"version-history":[{"count":5,"href":"https:\/\/fervent-dubinsky.82-165-171-139.plesk.page\/index.php?rest_route=\/wp\/v2\/product\/9528\/revisions"}],"predecessor-version":[{"id":35745,"href":"https:\/\/fervent-dubinsky.82-165-171-139.plesk.page\/index.php?rest_route=\/wp\/v2\/product\/9528\/revisions\/35745"}],"wp:featuredmedia":[{"embeddable":true,"href":"https:\/\/fervent-dubinsky.82-165-171-139.plesk.page\/index.php?rest_route=\/wp\/v2\/media\/33964"}],"wp:attachment":[{"href":"https:\/\/fervent-dubinsky.82-165-171-139.plesk.page\/index.php?rest_route=%2Fwp%2Fv2%2Fmedia&parent=9528"}],"wp:term":[{"taxonomy":"product_brand","embeddable":true,"href":"https:\/\/fervent-dubinsky.82-165-171-139.plesk.page\/index.php?rest_route=%2Fwp%2Fv2%2Fproduct_brand&post=9528"},{"taxonomy":"product_cat","embeddable":true,"href":"https:\/\/fervent-dubinsky.82-165-171-139.plesk.page\/index.php?rest_route=%2Fwp%2Fv2%2Fproduct_cat&post=9528"},{"taxonomy":"product_tag","embeddable":true,"href":"https:\/\/fervent-dubinsky.82-165-171-139.plesk.page\/index.php?rest_route=%2Fwp%2Fv2%2Fproduct_tag&post=9528"}],"curies":[{"name":"wp","href":"https:\/\/api.w.org\/{rel}","templated":true}]}}