{"id":9494,"date":"2020-05-07T16:06:06","date_gmt":"2020-05-07T16:06:06","guid":{"rendered":"https:\/\/itpharmalab.com\/?post_type=product&#038;p=9494"},"modified":"2025-01-10T16:58:28","modified_gmt":"2025-01-10T16:58:28","slug":"inbiofat","status":"publish","type":"product","link":"https:\/\/fervent-dubinsky.82-165-171-139.plesk.page\/?product=inbiofat","title":{"rendered":"Inbiofat"},"content":{"rendered":"<p>Inbiofat es una mezcla equilibrada y sin\u00e9rgica de materias primas eficaces en el tratamiento de la celulitis y acumulaciones de grasa. Act\u00faa reduciendo el grosor de la piel y acumulaciones adiposas en las zonas tratadas. Adem\u00e1s, fomenta la producci\u00f3n de elastina, mejorando la elasticidad y proporcionando firmeza a la piel, reduciendo significativamente el tejido adiposo.<\/p>\n","protected":false},"excerpt":{"rendered":"<p>Soluci\u00f3n cuyos ingredientes activos ayudan a reducir la celulitis y grasa localizada.<\/p>\n","protected":false},"featured_media":34009,"comment_status":"open","ping_status":"closed","template":"","meta":{"_seopress_robots_primary_cat":"none","_seopress_titles_title":"Inbiofat producto de actividad lipol\u00edtica para el tratamiento anti celul\u00edtico","_seopress_titles_desc":"Inbiofat es una mezcla equilibrada y sin\u00e9rgica que contiene materias primas de probada eficacia en el tratamiento de celulitis.","_seopress_robots_index":""},"product_brand":[],"product_cat":[837,830,857,836],"product_tag":[],"class_list":{"0":"post-9494","1":"product","2":"type-product","3":"status-publish","4":"has-post-thumbnail","6":"product_cat-corporal","7":"product_cat-estetica-profesional","8":"product_cat-inbiotec","9":"product_cat-microneedling","11":"first","12":"instock","13":"taxable","14":"shipping-taxable","15":"product-type-simple"},"_links":{"self":[{"href":"https:\/\/fervent-dubinsky.82-165-171-139.plesk.page\/index.php?rest_route=\/wp\/v2\/product\/9494","targetHints":{"allow":["GET"]}}],"collection":[{"href":"https:\/\/fervent-dubinsky.82-165-171-139.plesk.page\/index.php?rest_route=\/wp\/v2\/product"}],"about":[{"href":"https:\/\/fervent-dubinsky.82-165-171-139.plesk.page\/index.php?rest_route=\/wp\/v2\/types\/product"}],"replies":[{"embeddable":true,"href":"https:\/\/fervent-dubinsky.82-165-171-139.plesk.page\/index.php?rest_route=%2Fwp%2Fv2%2Fcomments&post=9494"}],"version-history":[{"count":5,"href":"https:\/\/fervent-dubinsky.82-165-171-139.plesk.page\/index.php?rest_route=\/wp\/v2\/product\/9494\/revisions"}],"predecessor-version":[{"id":35747,"href":"https:\/\/fervent-dubinsky.82-165-171-139.plesk.page\/index.php?rest_route=\/wp\/v2\/product\/9494\/revisions\/35747"}],"wp:featuredmedia":[{"embeddable":true,"href":"https:\/\/fervent-dubinsky.82-165-171-139.plesk.page\/index.php?rest_route=\/wp\/v2\/media\/34009"}],"wp:attachment":[{"href":"https:\/\/fervent-dubinsky.82-165-171-139.plesk.page\/index.php?rest_route=%2Fwp%2Fv2%2Fmedia&parent=9494"}],"wp:term":[{"taxonomy":"product_brand","embeddable":true,"href":"https:\/\/fervent-dubinsky.82-165-171-139.plesk.page\/index.php?rest_route=%2Fwp%2Fv2%2Fproduct_brand&post=9494"},{"taxonomy":"product_cat","embeddable":true,"href":"https:\/\/fervent-dubinsky.82-165-171-139.plesk.page\/index.php?rest_route=%2Fwp%2Fv2%2Fproduct_cat&post=9494"},{"taxonomy":"product_tag","embeddable":true,"href":"https:\/\/fervent-dubinsky.82-165-171-139.plesk.page\/index.php?rest_route=%2Fwp%2Fv2%2Fproduct_tag&post=9494"}],"curies":[{"name":"wp","href":"https:\/\/api.w.org\/{rel}","templated":true}]}}