{"id":8901,"date":"2020-04-29T09:59:12","date_gmt":"2020-04-29T09:59:12","guid":{"rendered":"https:\/\/itpharmalab.com\/?post_type=product&#038;p=8901"},"modified":"2025-01-10T16:58:30","modified_gmt":"2025-01-10T16:58:30","slug":"silicio-plus","status":"publish","type":"product","link":"https:\/\/fervent-dubinsky.82-165-171-139.plesk.page\/?product=silicio-plus","title":{"rendered":"Silicio Plus"},"content":{"rendered":"<p>La f\u00f3rmula combina los beneficios del silicio y el DMAE para un efecto tensor y regenerante. El DMAE act\u00faa recuperando la firmeza perdida mediante la creaci\u00f3n de tono muscular, abordando no solo los s\u00edntomas sino tambi\u00e9n las causas de la flacidez. El silicio, por su parte, estimula la s\u00edntesis de col\u00e1geno y elastina, rejuveneciendo la piel y eliminando grasa acumulada.<\/p>\n","protected":false},"excerpt":{"rendered":"<p>Soluci\u00f3n cuyos ingredientes activos ayudan a recuperar la firmeza perdida gracias al Silicio y al DMAE.<\/p>\n","protected":false},"featured_media":33943,"comment_status":"open","ping_status":"closed","template":"","meta":{"_seopress_robots_primary_cat":"none","_seopress_titles_title":"Silicio Plus, acci\u00f3n regeneradora y reafirmante de la piel.","_seopress_titles_desc":"Silicio Plus, suaviza, tonifica y alisa la piel retardando el envejecimiento. Activa la combusti\u00f3n de grasas en tratamientos anticelul\u00edticos.","_seopress_robots_index":""},"product_brand":[],"product_cat":[833,835,856,830,831,836],"product_tag":[],"class_list":{"0":"post-8901","1":"product","2":"type-product","3":"status-publish","4":"has-post-thumbnail","6":"product_cat-antioxidante-estetica-profesional","7":"product_cat-cicatrices","8":"product_cat-elements","9":"product_cat-estetica-profesional","10":"product_cat-lifting-estetica-profesional","11":"product_cat-microneedling","13":"first","14":"instock","15":"taxable","16":"shipping-taxable","17":"product-type-simple"},"_links":{"self":[{"href":"https:\/\/fervent-dubinsky.82-165-171-139.plesk.page\/index.php?rest_route=\/wp\/v2\/product\/8901","targetHints":{"allow":["GET"]}}],"collection":[{"href":"https:\/\/fervent-dubinsky.82-165-171-139.plesk.page\/index.php?rest_route=\/wp\/v2\/product"}],"about":[{"href":"https:\/\/fervent-dubinsky.82-165-171-139.plesk.page\/index.php?rest_route=\/wp\/v2\/types\/product"}],"replies":[{"embeddable":true,"href":"https:\/\/fervent-dubinsky.82-165-171-139.plesk.page\/index.php?rest_route=%2Fwp%2Fv2%2Fcomments&post=8901"}],"version-history":[{"count":5,"href":"https:\/\/fervent-dubinsky.82-165-171-139.plesk.page\/index.php?rest_route=\/wp\/v2\/product\/8901\/revisions"}],"predecessor-version":[{"id":35749,"href":"https:\/\/fervent-dubinsky.82-165-171-139.plesk.page\/index.php?rest_route=\/wp\/v2\/product\/8901\/revisions\/35749"}],"wp:featuredmedia":[{"embeddable":true,"href":"https:\/\/fervent-dubinsky.82-165-171-139.plesk.page\/index.php?rest_route=\/wp\/v2\/media\/33943"}],"wp:attachment":[{"href":"https:\/\/fervent-dubinsky.82-165-171-139.plesk.page\/index.php?rest_route=%2Fwp%2Fv2%2Fmedia&parent=8901"}],"wp:term":[{"taxonomy":"product_brand","embeddable":true,"href":"https:\/\/fervent-dubinsky.82-165-171-139.plesk.page\/index.php?rest_route=%2Fwp%2Fv2%2Fproduct_brand&post=8901"},{"taxonomy":"product_cat","embeddable":true,"href":"https:\/\/fervent-dubinsky.82-165-171-139.plesk.page\/index.php?rest_route=%2Fwp%2Fv2%2Fproduct_cat&post=8901"},{"taxonomy":"product_tag","embeddable":true,"href":"https:\/\/fervent-dubinsky.82-165-171-139.plesk.page\/index.php?rest_route=%2Fwp%2Fv2%2Fproduct_tag&post=8901"}],"curies":[{"name":"wp","href":"https:\/\/api.w.org\/{rel}","templated":true}]}}