{"id":8887,"date":"2020-04-29T09:44:21","date_gmt":"2020-04-29T09:44:21","guid":{"rendered":"https:\/\/itpharmalab.com\/?post_type=product&#038;p=8887"},"modified":"2025-01-10T16:58:31","modified_gmt":"2025-01-10T16:58:31","slug":"phosphatidylcholine","status":"publish","type":"product","link":"https:\/\/fervent-dubinsky.82-165-171-139.plesk.page\/?product=phosphatidylcholine","title":{"rendered":"Phosphatidylcholine"},"content":{"rendered":"<p>Los fosfol\u00edpidos son esenciales para los organismos vivos, desempe\u00f1ando un papel crucial en la salud y nutrici\u00f3n. La fosfatidilcolina, principal ingrediente de este producto, penetra en el adipocito a trav\u00e9s de la doble capa de l\u00edpidos, actuando como emulsionante y alterando las caracter\u00edsticas fisicoqu\u00edmicas de los l\u00edpidos almacenados. Esto los convierte en solubles en agua, facilitando su eliminaci\u00f3n. La f\u00f3rmula combina la fosfatidilcolina con el potente desoxicolato de sodio para tratar grasa localizada, siendo una soluci\u00f3n efectiva incluso en casos dif\u00edciles.<\/p>\n","protected":false},"excerpt":{"rendered":"<p>Soluci\u00f3n cuyos ingredientes activos ayudan a reducir la grasa localizada.<\/p>\n","protected":false},"featured_media":33907,"comment_status":"open","ping_status":"closed","template":"","meta":{"_seopress_robots_primary_cat":"none","_seopress_titles_title":"Phosphatidylcholine, soluci\u00f3n cosm\u00e9tica anticelul\u00edtica","_seopress_titles_desc":"Phosphatidylcholine, penetra el adipocito a trav\u00e9s de la doble capa de l\u00edpidos actuando como emulsionante y agente tensoactivo.","_seopress_robots_index":""},"product_brand":[],"product_cat":[837,856,830,836],"product_tag":[],"class_list":{"0":"post-8887","1":"product","2":"type-product","3":"status-publish","4":"has-post-thumbnail","6":"product_cat-corporal","7":"product_cat-elements","8":"product_cat-estetica-profesional","9":"product_cat-microneedling","11":"first","12":"instock","13":"taxable","14":"shipping-taxable","15":"product-type-simple"},"_links":{"self":[{"href":"https:\/\/fervent-dubinsky.82-165-171-139.plesk.page\/index.php?rest_route=\/wp\/v2\/product\/8887","targetHints":{"allow":["GET"]}}],"collection":[{"href":"https:\/\/fervent-dubinsky.82-165-171-139.plesk.page\/index.php?rest_route=\/wp\/v2\/product"}],"about":[{"href":"https:\/\/fervent-dubinsky.82-165-171-139.plesk.page\/index.php?rest_route=\/wp\/v2\/types\/product"}],"replies":[{"embeddable":true,"href":"https:\/\/fervent-dubinsky.82-165-171-139.plesk.page\/index.php?rest_route=%2Fwp%2Fv2%2Fcomments&post=8887"}],"version-history":[{"count":14,"href":"https:\/\/fervent-dubinsky.82-165-171-139.plesk.page\/index.php?rest_route=\/wp\/v2\/product\/8887\/revisions"}],"predecessor-version":[{"id":35751,"href":"https:\/\/fervent-dubinsky.82-165-171-139.plesk.page\/index.php?rest_route=\/wp\/v2\/product\/8887\/revisions\/35751"}],"wp:featuredmedia":[{"embeddable":true,"href":"https:\/\/fervent-dubinsky.82-165-171-139.plesk.page\/index.php?rest_route=\/wp\/v2\/media\/33907"}],"wp:attachment":[{"href":"https:\/\/fervent-dubinsky.82-165-171-139.plesk.page\/index.php?rest_route=%2Fwp%2Fv2%2Fmedia&parent=8887"}],"wp:term":[{"taxonomy":"product_brand","embeddable":true,"href":"https:\/\/fervent-dubinsky.82-165-171-139.plesk.page\/index.php?rest_route=%2Fwp%2Fv2%2Fproduct_brand&post=8887"},{"taxonomy":"product_cat","embeddable":true,"href":"https:\/\/fervent-dubinsky.82-165-171-139.plesk.page\/index.php?rest_route=%2Fwp%2Fv2%2Fproduct_cat&post=8887"},{"taxonomy":"product_tag","embeddable":true,"href":"https:\/\/fervent-dubinsky.82-165-171-139.plesk.page\/index.php?rest_route=%2Fwp%2Fv2%2Fproduct_tag&post=8887"}],"curies":[{"name":"wp","href":"https:\/\/api.w.org\/{rel}","templated":true}]}}