{"id":8873,"date":"2020-04-29T09:21:43","date_gmt":"2020-04-29T09:21:43","guid":{"rendered":"https:\/\/itpharmalab.com\/?post_type=product&#038;p=8873"},"modified":"2026-01-13T00:21:41","modified_gmt":"2026-01-13T00:21:41","slug":"liposin","status":"publish","type":"product","link":"https:\/\/fervent-dubinsky.82-165-171-139.plesk.page\/?product=liposin","title":{"rendered":"Liposin"},"content":{"rendered":"<p>La f\u00f3rmula combina extracto de alcachofa, fucus y cola de caballo, ofreciendo una soluci\u00f3n drenante, diur\u00e9tica y antioxidante. Es ideal para tratamientos anticelul\u00edticos y para mejorar el tono y elasticidad de la piel, promoviendo una apariencia m\u00e1s firme y saludable.<\/p>\n","protected":false},"excerpt":{"rendered":"<p>Soluci\u00f3n cuyos ingredientes activos ayudan a mejorar los tratamientos anticelul\u00edticos y a recuperar el tono de la piel.<\/p>\n","protected":false},"featured_media":33895,"comment_status":"open","ping_status":"closed","template":"","meta":{"_seopress_robots_primary_cat":"none","_seopress_titles_title":"Liposin ITPharma: \u00a1Elimina Celulitis y Grasa Localizada R\u00e1pido!","_seopress_titles_desc":"Disuelve celulitis, grasa localizada y mejora la firmeza en tus piernas, abdomen y gl\u00fateos con Liposin. Resultados visibles ya.\ud83d\udd25 \u00a1C\u00f3mpralo ahora y luce esbelta!","_seopress_robots_index":""},"product_brand":[],"product_cat":[837,856,830,836,843,838],"product_tag":[],"class_list":{"0":"post-8873","1":"product","2":"type-product","3":"status-publish","4":"has-post-thumbnail","6":"product_cat-corporal","7":"product_cat-elements","8":"product_cat-estetica-profesional","9":"product_cat-microneedling","10":"product_cat-ojeras","11":"product_cat-piel-sensible","13":"first","14":"instock","15":"taxable","16":"shipping-taxable","17":"product-type-simple"},"_links":{"self":[{"href":"https:\/\/fervent-dubinsky.82-165-171-139.plesk.page\/index.php?rest_route=\/wp\/v2\/product\/8873","targetHints":{"allow":["GET"]}}],"collection":[{"href":"https:\/\/fervent-dubinsky.82-165-171-139.plesk.page\/index.php?rest_route=\/wp\/v2\/product"}],"about":[{"href":"https:\/\/fervent-dubinsky.82-165-171-139.plesk.page\/index.php?rest_route=\/wp\/v2\/types\/product"}],"replies":[{"embeddable":true,"href":"https:\/\/fervent-dubinsky.82-165-171-139.plesk.page\/index.php?rest_route=%2Fwp%2Fv2%2Fcomments&post=8873"}],"version-history":[{"count":5,"href":"https:\/\/fervent-dubinsky.82-165-171-139.plesk.page\/index.php?rest_route=\/wp\/v2\/product\/8873\/revisions"}],"predecessor-version":[{"id":35753,"href":"https:\/\/fervent-dubinsky.82-165-171-139.plesk.page\/index.php?rest_route=\/wp\/v2\/product\/8873\/revisions\/35753"}],"wp:featuredmedia":[{"embeddable":true,"href":"https:\/\/fervent-dubinsky.82-165-171-139.plesk.page\/index.php?rest_route=\/wp\/v2\/media\/33895"}],"wp:attachment":[{"href":"https:\/\/fervent-dubinsky.82-165-171-139.plesk.page\/index.php?rest_route=%2Fwp%2Fv2%2Fmedia&parent=8873"}],"wp:term":[{"taxonomy":"product_brand","embeddable":true,"href":"https:\/\/fervent-dubinsky.82-165-171-139.plesk.page\/index.php?rest_route=%2Fwp%2Fv2%2Fproduct_brand&post=8873"},{"taxonomy":"product_cat","embeddable":true,"href":"https:\/\/fervent-dubinsky.82-165-171-139.plesk.page\/index.php?rest_route=%2Fwp%2Fv2%2Fproduct_cat&post=8873"},{"taxonomy":"product_tag","embeddable":true,"href":"https:\/\/fervent-dubinsky.82-165-171-139.plesk.page\/index.php?rest_route=%2Fwp%2Fv2%2Fproduct_tag&post=8873"}],"curies":[{"name":"wp","href":"https:\/\/api.w.org\/{rel}","templated":true}]}}