{"id":8866,"date":"2020-04-29T09:14:11","date_gmt":"2020-04-29T09:14:11","guid":{"rendered":"https:\/\/itpharmalab.com\/?post_type=product&#038;p=8866"},"modified":"2025-01-10T16:58:33","modified_gmt":"2025-01-10T16:58:33","slug":"lipofase","status":"publish","type":"product","link":"https:\/\/fervent-dubinsky.82-165-171-139.plesk.page\/?product=lipofase","title":{"rendered":"Lipofase"},"content":{"rendered":"<p>La presencia de \u00e1cido asc\u00f3rbico (vitamina C), riboflavina y magnesio protege la piel de los procesos oxidativos y estimula la generaci\u00f3n de energ\u00eda celular. Adem\u00e1s, mejora la microcirculaci\u00f3n en las zonas tratadas. Es una soluci\u00f3n ideal para tratamientos lipol\u00edticos y rejuvenecimiento periocular.<\/p>\n","protected":false},"excerpt":{"rendered":"<p>Soluci\u00f3n cuyos ingredientes activos generan energ\u00eda a la dermis y protegen los procesos oxidativos.<\/p>\n","protected":false},"featured_media":33870,"comment_status":"open","ping_status":"closed","template":"","meta":{"_seopress_robots_primary_cat":"none","_seopress_titles_title":"Lipofase, soluci\u00f3n hidratante y recuperadora del buen estado de la piel","_seopress_titles_desc":"Lipofase, activos que ayudan al correcto funcionamiento de la epidermis de la piel y en su revitalizaci\u00f3n previniendo el envejecimiento.","_seopress_robots_index":""},"product_brand":[],"product_cat":[837,856,830,836,843,838],"product_tag":[],"class_list":{"0":"post-8866","1":"product","2":"type-product","3":"status-publish","4":"has-post-thumbnail","6":"product_cat-corporal","7":"product_cat-elements","8":"product_cat-estetica-profesional","9":"product_cat-microneedling","10":"product_cat-ojeras","11":"product_cat-piel-sensible","13":"first","14":"instock","15":"taxable","16":"shipping-taxable","17":"product-type-simple"},"_links":{"self":[{"href":"https:\/\/fervent-dubinsky.82-165-171-139.plesk.page\/index.php?rest_route=\/wp\/v2\/product\/8866","targetHints":{"allow":["GET"]}}],"collection":[{"href":"https:\/\/fervent-dubinsky.82-165-171-139.plesk.page\/index.php?rest_route=\/wp\/v2\/product"}],"about":[{"href":"https:\/\/fervent-dubinsky.82-165-171-139.plesk.page\/index.php?rest_route=\/wp\/v2\/types\/product"}],"replies":[{"embeddable":true,"href":"https:\/\/fervent-dubinsky.82-165-171-139.plesk.page\/index.php?rest_route=%2Fwp%2Fv2%2Fcomments&post=8866"}],"version-history":[{"count":4,"href":"https:\/\/fervent-dubinsky.82-165-171-139.plesk.page\/index.php?rest_route=\/wp\/v2\/product\/8866\/revisions"}],"predecessor-version":[{"id":35754,"href":"https:\/\/fervent-dubinsky.82-165-171-139.plesk.page\/index.php?rest_route=\/wp\/v2\/product\/8866\/revisions\/35754"}],"wp:featuredmedia":[{"embeddable":true,"href":"https:\/\/fervent-dubinsky.82-165-171-139.plesk.page\/index.php?rest_route=\/wp\/v2\/media\/33870"}],"wp:attachment":[{"href":"https:\/\/fervent-dubinsky.82-165-171-139.plesk.page\/index.php?rest_route=%2Fwp%2Fv2%2Fmedia&parent=8866"}],"wp:term":[{"taxonomy":"product_brand","embeddable":true,"href":"https:\/\/fervent-dubinsky.82-165-171-139.plesk.page\/index.php?rest_route=%2Fwp%2Fv2%2Fproduct_brand&post=8866"},{"taxonomy":"product_cat","embeddable":true,"href":"https:\/\/fervent-dubinsky.82-165-171-139.plesk.page\/index.php?rest_route=%2Fwp%2Fv2%2Fproduct_cat&post=8866"},{"taxonomy":"product_tag","embeddable":true,"href":"https:\/\/fervent-dubinsky.82-165-171-139.plesk.page\/index.php?rest_route=%2Fwp%2Fv2%2Fproduct_tag&post=8866"}],"curies":[{"name":"wp","href":"https:\/\/api.w.org\/{rel}","templated":true}]}}