{"id":8852,"date":"2020-04-29T08:58:56","date_gmt":"2020-04-29T08:58:56","guid":{"rendered":"https:\/\/itpharmalab.com\/?post_type=product&#038;p=8852"},"modified":"2025-02-04T04:06:14","modified_gmt":"2025-02-04T04:06:14","slug":"hv-lifting","status":"publish","type":"product","link":"https:\/\/fervent-dubinsky.82-165-171-139.plesk.page\/?product=hv-lifting","title":{"rendered":"HV Lifting"},"content":{"rendered":"<p>La f\u00f3rmula, a base de vitaminas, amino\u00e1cidos, minerales y coenzimas, proporciona una soluci\u00f3n antioxidante y regenerante que revitaliza la piel. Combinado con \u00e1cido hialur\u00f3nico y DMAE, aporta los nutrientes necesarios para restaurar el tono, elasticidad y luminosidad, dejando la piel joven y radiante.<\/p>\n","protected":false},"excerpt":{"rendered":"<p>Cosm\u00e9tico cuyos ingredientes activos devuelven el tono, elasticidad y brillo de la piel gracias al conjunto de nutrientes de su f\u00f3rmula.<\/p>\n","protected":false},"featured_media":33883,"comment_status":"open","ping_status":"closed","template":"","meta":{"_seopress_robots_primary_cat":"none","_seopress_titles_title":"HV Lifting, acci\u00f3n reafirmante y regeneradora de la piel","_seopress_titles_desc":"HV Lifting, tratamiento de las arrugas de expresi\u00f3n sin efectos secundarios ya compatible con el \u00e1cido hialur\u00f3nico del propio organismo.","_seopress_robots_index":""},"product_brand":[],"product_cat":[833,856,830,840,831,836,843],"product_tag":[],"class_list":{"0":"post-8852","1":"product","2":"type-product","3":"status-publish","4":"has-post-thumbnail","6":"product_cat-antioxidante-estetica-profesional","7":"product_cat-elements","8":"product_cat-estetica-profesional","9":"product_cat-hidratacion","10":"product_cat-lifting-estetica-profesional","11":"product_cat-microneedling","12":"product_cat-ojeras","14":"first","15":"instock","16":"taxable","17":"shipping-taxable","18":"product-type-simple"},"_links":{"self":[{"href":"https:\/\/fervent-dubinsky.82-165-171-139.plesk.page\/index.php?rest_route=\/wp\/v2\/product\/8852","targetHints":{"allow":["GET"]}}],"collection":[{"href":"https:\/\/fervent-dubinsky.82-165-171-139.plesk.page\/index.php?rest_route=\/wp\/v2\/product"}],"about":[{"href":"https:\/\/fervent-dubinsky.82-165-171-139.plesk.page\/index.php?rest_route=\/wp\/v2\/types\/product"}],"replies":[{"embeddable":true,"href":"https:\/\/fervent-dubinsky.82-165-171-139.plesk.page\/index.php?rest_route=%2Fwp%2Fv2%2Fcomments&post=8852"}],"version-history":[{"count":4,"href":"https:\/\/fervent-dubinsky.82-165-171-139.plesk.page\/index.php?rest_route=\/wp\/v2\/product\/8852\/revisions"}],"predecessor-version":[{"id":38277,"href":"https:\/\/fervent-dubinsky.82-165-171-139.plesk.page\/index.php?rest_route=\/wp\/v2\/product\/8852\/revisions\/38277"}],"wp:featuredmedia":[{"embeddable":true,"href":"https:\/\/fervent-dubinsky.82-165-171-139.plesk.page\/index.php?rest_route=\/wp\/v2\/media\/33883"}],"wp:attachment":[{"href":"https:\/\/fervent-dubinsky.82-165-171-139.plesk.page\/index.php?rest_route=%2Fwp%2Fv2%2Fmedia&parent=8852"}],"wp:term":[{"taxonomy":"product_brand","embeddable":true,"href":"https:\/\/fervent-dubinsky.82-165-171-139.plesk.page\/index.php?rest_route=%2Fwp%2Fv2%2Fproduct_brand&post=8852"},{"taxonomy":"product_cat","embeddable":true,"href":"https:\/\/fervent-dubinsky.82-165-171-139.plesk.page\/index.php?rest_route=%2Fwp%2Fv2%2Fproduct_cat&post=8852"},{"taxonomy":"product_tag","embeddable":true,"href":"https:\/\/fervent-dubinsky.82-165-171-139.plesk.page\/index.php?rest_route=%2Fwp%2Fv2%2Fproduct_tag&post=8852"}],"curies":[{"name":"wp","href":"https:\/\/api.w.org\/{rel}","templated":true}]}}