{"id":8804,"date":"2020-04-28T15:18:45","date_gmt":"2020-04-28T15:18:45","guid":{"rendered":"https:\/\/itpharmalab.com\/?post_type=product&#038;p=8804"},"modified":"2025-01-14T08:46:28","modified_gmt":"2025-01-14T08:46:28","slug":"action-face","status":"publish","type":"product","link":"https:\/\/fervent-dubinsky.82-165-171-139.plesk.page\/?product=action-face","title":{"rendered":"Action Face"},"content":{"rendered":"<p>La f\u00f3rmula combina los beneficios de la vitamina C, vitamina A, junto a los p\u00e9ptidos con efecto b\u00f3tox y el \u00e1cido hialur\u00f3nico para obtener una soluci\u00f3n regenerante, antioxidante, reestructurante y capaz de reducir las arrugas de expresi\u00f3n m\u00e1s profundas.<\/p>\n","protected":false},"excerpt":{"rendered":"<p>F\u00f3rmula avanzada con efecto b\u00f3tox que combate arrugas de expresi\u00f3n profundas y mejora la textura de la piel.<\/p>\n","protected":false},"featured_media":33838,"comment_status":"open","ping_status":"closed","template":"","meta":{"_seopress_robots_primary_cat":"none","_seopress_titles_title":"Action Face, tratamiento re-estructurante y tensor facial de IT Pharma","_seopress_titles_desc":"Action Face, tratamiento re-estructurante y tensor facial que actua en la recuperaci\u00f3n del buen estado de la piel desde capas profundas.","_seopress_robots_index":""},"product_brand":[],"product_cat":[833,832,856,830,831,836,843],"product_tag":[],"class_list":{"0":"post-8804","1":"product","2":"type-product","3":"status-publish","4":"has-post-thumbnail","6":"product_cat-antioxidante-estetica-profesional","7":"product_cat-despigmentacion-estetica-profesional","8":"product_cat-elements","9":"product_cat-estetica-profesional","10":"product_cat-lifting-estetica-profesional","11":"product_cat-microneedling","12":"product_cat-ojeras","14":"first","15":"instock","16":"taxable","17":"shipping-taxable","18":"product-type-simple"},"_links":{"self":[{"href":"https:\/\/fervent-dubinsky.82-165-171-139.plesk.page\/index.php?rest_route=\/wp\/v2\/product\/8804","targetHints":{"allow":["GET"]}}],"collection":[{"href":"https:\/\/fervent-dubinsky.82-165-171-139.plesk.page\/index.php?rest_route=\/wp\/v2\/product"}],"about":[{"href":"https:\/\/fervent-dubinsky.82-165-171-139.plesk.page\/index.php?rest_route=\/wp\/v2\/types\/product"}],"replies":[{"embeddable":true,"href":"https:\/\/fervent-dubinsky.82-165-171-139.plesk.page\/index.php?rest_route=%2Fwp%2Fv2%2Fcomments&post=8804"}],"version-history":[{"count":7,"href":"https:\/\/fervent-dubinsky.82-165-171-139.plesk.page\/index.php?rest_route=\/wp\/v2\/product\/8804\/revisions"}],"predecessor-version":[{"id":36443,"href":"https:\/\/fervent-dubinsky.82-165-171-139.plesk.page\/index.php?rest_route=\/wp\/v2\/product\/8804\/revisions\/36443"}],"wp:featuredmedia":[{"embeddable":true,"href":"https:\/\/fervent-dubinsky.82-165-171-139.plesk.page\/index.php?rest_route=\/wp\/v2\/media\/33838"}],"wp:attachment":[{"href":"https:\/\/fervent-dubinsky.82-165-171-139.plesk.page\/index.php?rest_route=%2Fwp%2Fv2%2Fmedia&parent=8804"}],"wp:term":[{"taxonomy":"product_brand","embeddable":true,"href":"https:\/\/fervent-dubinsky.82-165-171-139.plesk.page\/index.php?rest_route=%2Fwp%2Fv2%2Fproduct_brand&post=8804"},{"taxonomy":"product_cat","embeddable":true,"href":"https:\/\/fervent-dubinsky.82-165-171-139.plesk.page\/index.php?rest_route=%2Fwp%2Fv2%2Fproduct_cat&post=8804"},{"taxonomy":"product_tag","embeddable":true,"href":"https:\/\/fervent-dubinsky.82-165-171-139.plesk.page\/index.php?rest_route=%2Fwp%2Fv2%2Fproduct_tag&post=8804"}],"curies":[{"name":"wp","href":"https:\/\/api.w.org\/{rel}","templated":true}]}}