{"id":72050,"date":"2025-06-23T11:53:37","date_gmt":"2025-06-23T11:53:37","guid":{"rendered":"https:\/\/fervent-dubinsky.82-165-171-139.plesk.page\/?post_type=product&#038;p=72050"},"modified":"2025-06-23T12:17:45","modified_gmt":"2025-06-23T12:17:45","slug":"ultra-day-cream","status":"publish","type":"product","link":"https:\/\/fervent-dubinsky.82-165-171-139.plesk.page\/?product=ultra-day-cream","title":{"rendered":"Ultra Day Cream"},"content":{"rendered":"<p><span class=\"TextRun SCXW263432021 BCX8\" lang=\"ES-ES\" xml:lang=\"ES-ES\" data-contrast=\"none\"><span class=\"NormalTextRun SCXW263432021 BCX8\">Cr<\/span><span class=\"NormalTextRun SCXW263432021 BCX8\">ema <\/span><span class=\"NormalTextRun SpellingErrorV2Themed SCXW263432021 BCX8\">ultra-hidratante<\/span><span class=\"NormalTextRun SCXW263432021 BCX8\"> diaria con propiedades <\/span><\/span><span class=\"TextRun SCXW263432021 BCX8\" lang=\"ES-ES\" xml:lang=\"ES-ES\" data-contrast=\"auto\"><span class=\"NormalTextRun SCXW263432021 BCX8\">calmantes, antioxidantes y reparadoras de la piel. Esta f\u00f3rmula vegana, que cuenta con ingredientes biotecnol\u00f3gicos, act\u00faa restaurando la funci\u00f3n barrera, aliviando la sensibilidad cut\u00e1nea y protegiendo frente al estr\u00e9s oxidativo.<\/span><span class=\"NormalTextRun SCXW263432021 BCX8\"> Su textura gel-crema es f\u00e1cil de aplicar, se absorbe r\u00e1pidamente y no deja sensaci\u00f3n grasa.<\/span><\/span><span class=\"EOP SCXW263432021 BCX8\" data-ccp-props=\"{&quot;335551550&quot;:1,&quot;335551620&quot;:1}\">\u00a0<\/span><\/p>\n","protected":false},"excerpt":{"rendered":"<p><span class=\"TextRun SCXW248814930 BCX8\" lang=\"ES-ES\" xml:lang=\"ES-ES\" data-contrast=\"none\"><span class=\"NormalTextRun SCXW248814930 BCX8\">Hidrata intensamente, fortalece la barrera cut\u00e1nea y combate los signos del envejecimiento gracias a su f\u00f3rmula antioxidante y regeneradora. Ideal para pieles expuestas a entornos urbanos. Dermatol\u00f3gicamente testada<\/span><span class=\"NormalTextRun SCXW248814930 BCX8\"> en pieles sensibles. F\u00f3rmula vegana.<\/span><\/span><span class=\"EOP SCXW248814930 BCX8\" data-ccp-props=\"{&quot;335551550&quot;:6,&quot;335551620&quot;:6,&quot;335559685&quot;:720}\">\u00a0<\/span><\/p>\n","protected":false},"featured_media":72053,"comment_status":"closed","ping_status":"closed","template":"","meta":{"_seopress_robots_primary_cat":"none","_seopress_titles_title":"","_seopress_titles_desc":"","_seopress_robots_index":""},"product_brand":[],"product_cat":[833,858,830,840,855,836,838,842],"product_tag":[],"class_list":{"0":"post-72050","1":"product","2":"type-product","3":"status-publish","4":"has-post-thumbnail","6":"product_cat-antioxidante-estetica-profesional","7":"product_cat-essentials","8":"product_cat-estetica-profesional","9":"product_cat-hidratacion","10":"product_cat-lineas-de-producto-estetica","11":"product_cat-microneedling","12":"product_cat-piel-sensible","13":"product_cat-post-tratamiento","15":"first","16":"instock","17":"taxable","18":"shipping-taxable","19":"product-type-simple"},"_links":{"self":[{"href":"https:\/\/fervent-dubinsky.82-165-171-139.plesk.page\/index.php?rest_route=\/wp\/v2\/product\/72050","targetHints":{"allow":["GET"]}}],"collection":[{"href":"https:\/\/fervent-dubinsky.82-165-171-139.plesk.page\/index.php?rest_route=\/wp\/v2\/product"}],"about":[{"href":"https:\/\/fervent-dubinsky.82-165-171-139.plesk.page\/index.php?rest_route=\/wp\/v2\/types\/product"}],"replies":[{"embeddable":true,"href":"https:\/\/fervent-dubinsky.82-165-171-139.plesk.page\/index.php?rest_route=%2Fwp%2Fv2%2Fcomments&post=72050"}],"version-history":[{"count":2,"href":"https:\/\/fervent-dubinsky.82-165-171-139.plesk.page\/index.php?rest_route=\/wp\/v2\/product\/72050\/revisions"}],"predecessor-version":[{"id":72058,"href":"https:\/\/fervent-dubinsky.82-165-171-139.plesk.page\/index.php?rest_route=\/wp\/v2\/product\/72050\/revisions\/72058"}],"wp:featuredmedia":[{"embeddable":true,"href":"https:\/\/fervent-dubinsky.82-165-171-139.plesk.page\/index.php?rest_route=\/wp\/v2\/media\/72053"}],"wp:attachment":[{"href":"https:\/\/fervent-dubinsky.82-165-171-139.plesk.page\/index.php?rest_route=%2Fwp%2Fv2%2Fmedia&parent=72050"}],"wp:term":[{"taxonomy":"product_brand","embeddable":true,"href":"https:\/\/fervent-dubinsky.82-165-171-139.plesk.page\/index.php?rest_route=%2Fwp%2Fv2%2Fproduct_brand&post=72050"},{"taxonomy":"product_cat","embeddable":true,"href":"https:\/\/fervent-dubinsky.82-165-171-139.plesk.page\/index.php?rest_route=%2Fwp%2Fv2%2Fproduct_cat&post=72050"},{"taxonomy":"product_tag","embeddable":true,"href":"https:\/\/fervent-dubinsky.82-165-171-139.plesk.page\/index.php?rest_route=%2Fwp%2Fv2%2Fproduct_tag&post=72050"}],"curies":[{"name":"wp","href":"https:\/\/api.w.org\/{rel}","templated":true}]}}