{"id":60464,"date":"2025-05-22T10:37:48","date_gmt":"2025-05-22T10:37:48","guid":{"rendered":"https:\/\/fervent-dubinsky.82-165-171-139.plesk.page\/?post_type=product&#038;p=60464"},"modified":"2025-05-23T07:34:11","modified_gmt":"2025-05-23T07:34:11","slug":"inbiosilk","status":"publish","type":"product","link":"https:\/\/fervent-dubinsky.82-165-171-139.plesk.page\/?product=inbiosilk","title":{"rendered":"Inbiosilk"},"content":{"rendered":"<p><span class=\"TextRun SCXW4656501 BCX8\" lang=\"ES-ES\" xml:lang=\"ES-ES\" data-contrast=\"none\"><span class=\"NormalTextRun SCXW4656501 BCX8\">Tratamiento de cosm\u00e9tica cl\u00ednica exclusiva de IT <\/span><span class=\"NormalTextRun SpellingErrorV2Themed SCXW4656501 BCX8\">Pharma<\/span><span class=\"NormalTextRun SCXW4656501 BCX8\"> con acci\u00f3n <\/span><span class=\"NormalTextRun SpellingErrorV2Themed SCXW4656501 BCX8\">redensificante<\/span><span class=\"NormalTextRun SCXW4656501 BCX8\">, reafirmante y revitalizante, indicado para <\/span><\/span><span class=\"TextRun SCXW4656501 BCX8\" lang=\"ES-ES\" xml:lang=\"ES-ES\" data-contrast=\"auto\"><span class=\"NormalTextRun SCXW4656501 BCX8\">mejorar visiblemente la estructura y firmeza de la piel. Su f\u00f3rmula de \u00faltima generaci\u00f3n act\u00faa sobre m\u00faltiples factores para restaurar la elasticidad cut\u00e1nea, mejorar la hidrataci\u00f3n profunda y estimular los procesos de regeneraci\u00f3n celular y s\u00edntesis de col\u00e1geno.<\/span><\/span><\/p>\n","protected":false},"excerpt":{"rendered":"<p><span class=\"NormalTextRun SCXW145554107 BCX8\">Soluci\u00f3n biotecnol\u00f3gica con col\u00e1geno recombinante<\/span><span class=\"NormalTextRun SCXW145554107 BCX8\"> de tipo I<\/span><span class=\"NormalTextRun SCXW145554107 BCX8\">, p\u00e9ptidos y activos revitalizantes para mejorar<\/span><span class=\"NormalTextRun SCXW145554107 BCX8\"> la firmeza, elasticidad e hidrataci\u00f3n profunda de la piel.<\/span><\/p>\n","protected":false},"featured_media":60590,"comment_status":"closed","ping_status":"closed","template":"","meta":{"_seopress_robots_primary_cat":"none","_seopress_titles_title":"Inbiosilk, tratamiento exclusivo redensificante","_seopress_titles_desc":"Soluci\u00f3n biotecnol\u00f3gica con col\u00e1geno recombinante de tipo I, p\u00e9ptidos y activos revitalizantes para mejorar la firmeza, elasticidad e hidrataci\u00f3n profunda de la piel.","_seopress_robots_index":""},"product_brand":[],"product_cat":[830,840,857,831,836,838],"product_tag":[],"class_list":{"0":"post-60464","1":"product","2":"type-product","3":"status-publish","4":"has-post-thumbnail","6":"product_cat-estetica-profesional","7":"product_cat-hidratacion","8":"product_cat-inbiotec","9":"product_cat-lifting-estetica-profesional","10":"product_cat-microneedling","11":"product_cat-piel-sensible","13":"first","14":"instock","15":"taxable","16":"shipping-taxable","17":"product-type-simple"},"_links":{"self":[{"href":"https:\/\/fervent-dubinsky.82-165-171-139.plesk.page\/index.php?rest_route=\/wp\/v2\/product\/60464","targetHints":{"allow":["GET"]}}],"collection":[{"href":"https:\/\/fervent-dubinsky.82-165-171-139.plesk.page\/index.php?rest_route=\/wp\/v2\/product"}],"about":[{"href":"https:\/\/fervent-dubinsky.82-165-171-139.plesk.page\/index.php?rest_route=\/wp\/v2\/types\/product"}],"replies":[{"embeddable":true,"href":"https:\/\/fervent-dubinsky.82-165-171-139.plesk.page\/index.php?rest_route=%2Fwp%2Fv2%2Fcomments&post=60464"}],"version-history":[{"count":2,"href":"https:\/\/fervent-dubinsky.82-165-171-139.plesk.page\/index.php?rest_route=\/wp\/v2\/product\/60464\/revisions"}],"predecessor-version":[{"id":60485,"href":"https:\/\/fervent-dubinsky.82-165-171-139.plesk.page\/index.php?rest_route=\/wp\/v2\/product\/60464\/revisions\/60485"}],"wp:featuredmedia":[{"embeddable":true,"href":"https:\/\/fervent-dubinsky.82-165-171-139.plesk.page\/index.php?rest_route=\/wp\/v2\/media\/60590"}],"wp:attachment":[{"href":"https:\/\/fervent-dubinsky.82-165-171-139.plesk.page\/index.php?rest_route=%2Fwp%2Fv2%2Fmedia&parent=60464"}],"wp:term":[{"taxonomy":"product_brand","embeddable":true,"href":"https:\/\/fervent-dubinsky.82-165-171-139.plesk.page\/index.php?rest_route=%2Fwp%2Fv2%2Fproduct_brand&post=60464"},{"taxonomy":"product_cat","embeddable":true,"href":"https:\/\/fervent-dubinsky.82-165-171-139.plesk.page\/index.php?rest_route=%2Fwp%2Fv2%2Fproduct_cat&post=60464"},{"taxonomy":"product_tag","embeddable":true,"href":"https:\/\/fervent-dubinsky.82-165-171-139.plesk.page\/index.php?rest_route=%2Fwp%2Fv2%2Fproduct_tag&post=60464"}],"curies":[{"name":"wp","href":"https:\/\/api.w.org\/{rel}","templated":true}]}}