{"id":36790,"date":"2025-01-31T06:38:58","date_gmt":"2025-01-31T06:38:58","guid":{"rendered":"https:\/\/fervent-dubinsky.82-165-171-139.plesk.page\/?post_type=product&#038;p=36790"},"modified":"2025-01-31T06:41:38","modified_gmt":"2025-01-31T06:41:38","slug":"nxo-next-generation-exosomes","status":"publish","type":"product","link":"https:\/\/fervent-dubinsky.82-165-171-139.plesk.page\/?product=nxo-next-generation-exosomes","title":{"rendered":"NXO: next generation exosomes"},"content":{"rendered":"<p>NXO es la nueva generaci\u00f3n de exosomas de origen vegetal, dise\u00f1ada para potenciar la regeneraci\u00f3n celular y mejorar la salud de la piel. Su f\u00f3rmula combina exosomas derivados del\u00a0<em>Panax ginseng<\/em>\u00a0con p\u00e9ptidos de alta tecnolog\u00eda, polinucle\u00f3tidos y \u00e1cido hialur\u00f3nico de alto peso molecular, proporcionando una acci\u00f3n avanzada en la reparaci\u00f3n tisular, la estimulaci\u00f3n de col\u00e1geno y elastina, y la protecci\u00f3n frente al estr\u00e9s oxidativo. Gracias a su tecnolog\u00eda de encapsulaci\u00f3n, NXO garantiza una mayor estabilidad y eficacia, redefiniendo los est\u00e1ndares de seguridad en medicina est\u00e9tica.<\/p>\n<p>Este innovador activo se adapta a m\u00faltiples protocolos de rejuvenecimiento, hidrataci\u00f3n y regeneraci\u00f3n, potenciando los resultados de tratamientos como microneedling, PRP, l\u00e1ser y peelings m\u00e9dicos. Su acci\u00f3n antiinflamatoria y calmante lo convierte en una opci\u00f3n ideal para pieles sensibles o en recuperaci\u00f3n post-tratamiento, mientras que su capacidad para mejorar la hidrataci\u00f3n y luminosidad devuelve a la piel un aspecto m\u00e1s firme, uniforme y saludable. NXO es el futuro de la regeneraci\u00f3n celular en medicina est\u00e9tica.<\/p>\n","protected":false},"excerpt":{"rendered":"<p>Soluci\u00f3n a base de exosomas de origen vegetal, combinada con \u00e1cido hialur\u00f3nico de alto peso molecular, p\u00e9ptidos de alta tecnolog\u00eda y polinucleotidos para una regeneraci\u00f3n tisular.<\/p>\n","protected":false},"featured_media":36794,"comment_status":"closed","ping_status":"closed","template":"","meta":{"_seopress_robots_primary_cat":"none","_seopress_titles_title":"","_seopress_titles_desc":"","_seopress_robots_index":""},"product_brand":[],"product_cat":[830,855,1383],"product_tag":[],"class_list":{"0":"post-36790","1":"product","2":"type-product","3":"status-publish","4":"has-post-thumbnail","6":"product_cat-estetica-profesional","7":"product_cat-lineas-de-producto-estetica","8":"product_cat-nxo","10":"first","11":"instock","12":"taxable","13":"shipping-taxable","14":"product-type-simple"},"_links":{"self":[{"href":"https:\/\/fervent-dubinsky.82-165-171-139.plesk.page\/index.php?rest_route=\/wp\/v2\/product\/36790","targetHints":{"allow":["GET"]}}],"collection":[{"href":"https:\/\/fervent-dubinsky.82-165-171-139.plesk.page\/index.php?rest_route=\/wp\/v2\/product"}],"about":[{"href":"https:\/\/fervent-dubinsky.82-165-171-139.plesk.page\/index.php?rest_route=\/wp\/v2\/types\/product"}],"replies":[{"embeddable":true,"href":"https:\/\/fervent-dubinsky.82-165-171-139.plesk.page\/index.php?rest_route=%2Fwp%2Fv2%2Fcomments&post=36790"}],"version-history":[{"count":2,"href":"https:\/\/fervent-dubinsky.82-165-171-139.plesk.page\/index.php?rest_route=\/wp\/v2\/product\/36790\/revisions"}],"predecessor-version":[{"id":36797,"href":"https:\/\/fervent-dubinsky.82-165-171-139.plesk.page\/index.php?rest_route=\/wp\/v2\/product\/36790\/revisions\/36797"}],"wp:featuredmedia":[{"embeddable":true,"href":"https:\/\/fervent-dubinsky.82-165-171-139.plesk.page\/index.php?rest_route=\/wp\/v2\/media\/36794"}],"wp:attachment":[{"href":"https:\/\/fervent-dubinsky.82-165-171-139.plesk.page\/index.php?rest_route=%2Fwp%2Fv2%2Fmedia&parent=36790"}],"wp:term":[{"taxonomy":"product_brand","embeddable":true,"href":"https:\/\/fervent-dubinsky.82-165-171-139.plesk.page\/index.php?rest_route=%2Fwp%2Fv2%2Fproduct_brand&post=36790"},{"taxonomy":"product_cat","embeddable":true,"href":"https:\/\/fervent-dubinsky.82-165-171-139.plesk.page\/index.php?rest_route=%2Fwp%2Fv2%2Fproduct_cat&post=36790"},{"taxonomy":"product_tag","embeddable":true,"href":"https:\/\/fervent-dubinsky.82-165-171-139.plesk.page\/index.php?rest_route=%2Fwp%2Fv2%2Fproduct_tag&post=36790"}],"curies":[{"name":"wp","href":"https:\/\/api.w.org\/{rel}","templated":true}]}}