{"id":35977,"date":"2025-01-07T12:01:30","date_gmt":"2025-01-07T12:01:30","guid":{"rendered":"https:\/\/fervent-dubinsky.82-165-171-139.plesk.page\/?post_type=product&#038;p=35977"},"modified":"2025-01-08T15:43:47","modified_gmt":"2025-01-08T15:43:47","slug":"ultra-sun-protector-cream-2","status":"publish","type":"product","link":"https:\/\/fervent-dubinsky.82-165-171-139.plesk.page\/?product=ultra-sun-protector-cream-2&lang=en","title":{"rendered":"Ultra Sun Protector Cream"},"content":{"rendered":"<p>Ultra Sun Protector Cream contains physical, chemical, and organo-mineral sunscreens that provide very high protection against harmful radiation. Enriched with antioxidants and soothing ingredients like Bisabolol, this cream minimizes redness and improves skin recovery after aesthetic procedures. Its lightweight and fast-drying texture makes it easy to apply and reapply.<\/p>\n","protected":false},"excerpt":{"rendered":"<p>High-photoprotection cream against UVB, UVA, VIS, IR, and blue light, designed to protect skin after aesthetic treatments.<\/p>\n","protected":false},"featured_media":34154,"comment_status":"open","ping_status":"closed","template":"","meta":{"_seopress_robots_primary_cat":"none","_seopress_titles_title":"ULTRA SUN PROTECTOR CREAM","_seopress_titles_desc":"Crema de Fotoprotecci\u00f3n muy alta contra radiaciones UVB, UVA, VIS, IR y luz azul. Dise\u00f1ada especialmente para posttramientos est\u00e9ticos","_seopress_robots_index":""},"product_brand":[],"product_cat":[1194,1217,1211,1223,1183],"product_tag":[],"class_list":{"0":"post-35977","1":"product","2":"type-product","3":"status-publish","4":"has-post-thumbnail","6":"product_cat-essentials-en","7":"product_cat-microneedling-en","8":"product_cat-photoprotection","9":"product_cat-post-treatment","10":"product_cat-professional-aesthetics","12":"first","13":"instock","14":"taxable","15":"shipping-taxable","16":"product-type-simple"},"_links":{"self":[{"href":"https:\/\/fervent-dubinsky.82-165-171-139.plesk.page\/index.php?rest_route=\/wp\/v2\/product\/35977","targetHints":{"allow":["GET"]}}],"collection":[{"href":"https:\/\/fervent-dubinsky.82-165-171-139.plesk.page\/index.php?rest_route=\/wp\/v2\/product"}],"about":[{"href":"https:\/\/fervent-dubinsky.82-165-171-139.plesk.page\/index.php?rest_route=\/wp\/v2\/types\/product"}],"replies":[{"embeddable":true,"href":"https:\/\/fervent-dubinsky.82-165-171-139.plesk.page\/index.php?rest_route=%2Fwp%2Fv2%2Fcomments&post=35977"}],"version-history":[{"count":1,"href":"https:\/\/fervent-dubinsky.82-165-171-139.plesk.page\/index.php?rest_route=\/wp\/v2\/product\/35977\/revisions"}],"predecessor-version":[{"id":35980,"href":"https:\/\/fervent-dubinsky.82-165-171-139.plesk.page\/index.php?rest_route=\/wp\/v2\/product\/35977\/revisions\/35980"}],"wp:featuredmedia":[{"embeddable":true,"href":"https:\/\/fervent-dubinsky.82-165-171-139.plesk.page\/index.php?rest_route=\/wp\/v2\/media\/34154"}],"wp:attachment":[{"href":"https:\/\/fervent-dubinsky.82-165-171-139.plesk.page\/index.php?rest_route=%2Fwp%2Fv2%2Fmedia&parent=35977"}],"wp:term":[{"taxonomy":"product_brand","embeddable":true,"href":"https:\/\/fervent-dubinsky.82-165-171-139.plesk.page\/index.php?rest_route=%2Fwp%2Fv2%2Fproduct_brand&post=35977"},{"taxonomy":"product_cat","embeddable":true,"href":"https:\/\/fervent-dubinsky.82-165-171-139.plesk.page\/index.php?rest_route=%2Fwp%2Fv2%2Fproduct_cat&post=35977"},{"taxonomy":"product_tag","embeddable":true,"href":"https:\/\/fervent-dubinsky.82-165-171-139.plesk.page\/index.php?rest_route=%2Fwp%2Fv2%2Fproduct_tag&post=35977"}],"curies":[{"name":"wp","href":"https:\/\/api.w.org\/{rel}","templated":true}]}}