{"id":35964,"date":"2025-01-07T11:55:31","date_gmt":"2025-01-07T11:55:31","guid":{"rendered":"https:\/\/fervent-dubinsky.82-165-171-139.plesk.page\/?post_type=product&#038;p=35964"},"modified":"2025-02-04T03:53:43","modified_gmt":"2025-02-04T03:53:43","slug":"faha","status":"publish","type":"product","link":"https:\/\/fervent-dubinsky.82-165-171-139.plesk.page\/?product=faha&lang=en","title":{"rendered":"FA&#038;HA"},"content":{"rendered":"<p>FA&amp;HA combines powerful antioxidants that reinforce the skin\u2019s natural antioxidant system, reduce inflammation, and protect collagen and elastin fibers. Its formula safeguards against UV-induced damage, prevents photoaging, and creates a barrier against blue light, providing comprehensive protection while keeping the skin hydrated and radiant.<\/p>\n","protected":false},"excerpt":{"rendered":"<p>Protects, hydrates, and regenerates the skin, combating aging and providing protection against alterations induced by UV, IR, and blue light radiation.<\/p>\n","protected":false},"featured_media":34126,"comment_status":"open","ping_status":"closed","template":"","meta":{"_seopress_robots_primary_cat":"none","_seopress_titles_title":"FA&HA es una soluci\u00f3n antioxidante, hidratante y reparadora","_seopress_titles_desc":"FA&HA, protege y repara la piel frente agresiones como la radiaci\u00f3n ultravioleta que la hacen envejecer m\u00e1s r\u00e1pidamente.","_seopress_robots_index":""},"product_brand":[],"product_cat":[1201,1194,1213,1217,1183],"product_tag":[],"class_list":{"0":"post-35964","1":"product","2":"type-product","3":"status-publish","4":"has-post-thumbnail","6":"product_cat-antioxidant-professional-aesthetics","7":"product_cat-essentials-en","8":"product_cat-hydration","9":"product_cat-microneedling-en","10":"product_cat-professional-aesthetics","12":"first","13":"instock","14":"taxable","15":"shipping-taxable","16":"product-type-simple"},"_links":{"self":[{"href":"https:\/\/fervent-dubinsky.82-165-171-139.plesk.page\/index.php?rest_route=\/wp\/v2\/product\/35964","targetHints":{"allow":["GET"]}}],"collection":[{"href":"https:\/\/fervent-dubinsky.82-165-171-139.plesk.page\/index.php?rest_route=\/wp\/v2\/product"}],"about":[{"href":"https:\/\/fervent-dubinsky.82-165-171-139.plesk.page\/index.php?rest_route=\/wp\/v2\/types\/product"}],"replies":[{"embeddable":true,"href":"https:\/\/fervent-dubinsky.82-165-171-139.plesk.page\/index.php?rest_route=%2Fwp%2Fv2%2Fcomments&post=35964"}],"version-history":[{"count":2,"href":"https:\/\/fervent-dubinsky.82-165-171-139.plesk.page\/index.php?rest_route=\/wp\/v2\/product\/35964\/revisions"}],"predecessor-version":[{"id":38273,"href":"https:\/\/fervent-dubinsky.82-165-171-139.plesk.page\/index.php?rest_route=\/wp\/v2\/product\/35964\/revisions\/38273"}],"wp:featuredmedia":[{"embeddable":true,"href":"https:\/\/fervent-dubinsky.82-165-171-139.plesk.page\/index.php?rest_route=\/wp\/v2\/media\/34126"}],"wp:attachment":[{"href":"https:\/\/fervent-dubinsky.82-165-171-139.plesk.page\/index.php?rest_route=%2Fwp%2Fv2%2Fmedia&parent=35964"}],"wp:term":[{"taxonomy":"product_brand","embeddable":true,"href":"https:\/\/fervent-dubinsky.82-165-171-139.plesk.page\/index.php?rest_route=%2Fwp%2Fv2%2Fproduct_brand&post=35964"},{"taxonomy":"product_cat","embeddable":true,"href":"https:\/\/fervent-dubinsky.82-165-171-139.plesk.page\/index.php?rest_route=%2Fwp%2Fv2%2Fproduct_cat&post=35964"},{"taxonomy":"product_tag","embeddable":true,"href":"https:\/\/fervent-dubinsky.82-165-171-139.plesk.page\/index.php?rest_route=%2Fwp%2Fv2%2Fproduct_tag&post=35964"}],"curies":[{"name":"wp","href":"https:\/\/api.w.org\/{rel}","templated":true}]}}