{"id":35960,"date":"2025-01-07T11:54:10","date_gmt":"2025-01-07T11:54:10","guid":{"rendered":"https:\/\/fervent-dubinsky.82-165-171-139.plesk.page\/?post_type=product&#038;p=35960"},"modified":"2025-01-07T11:54:11","modified_gmt":"2025-01-07T11:54:11","slug":"arctic-noir-mask","status":"publish","type":"product","link":"https:\/\/fervent-dubinsky.82-165-171-139.plesk.page\/?product=arctic-noir-mask&lang=en","title":{"rendered":"Arctic Noir Mask"},"content":{"rendered":"<p>Arctic Noir is a black-colored mask designed to deeply soothe and hydrate the skin, making it ideal for post-aesthetic and professional treatments. Thanks to its anti-inflammatory properties, it is rich in aloe vera and witch hazel extract, creating a barrier that combats dryness and promotes intense hydration. Additionally, it contains centella asiatica and green tea to soothe the skin, provide elasticity, and protection. Enriched with hyaluronic acid and niacinamide, it enhances the overall appearance of the skin while calming and revitalizing it.<\/p>\n","protected":false},"excerpt":{"rendered":"<p>The renowned black mask from IT Pharma that soothes and hydrates the skin, perfect after aesthetic and cosmetic treatments.<\/p>\n","protected":false},"featured_media":34118,"comment_status":"open","ping_status":"closed","template":"","meta":{"_seopress_robots_primary_cat":"none","_seopress_titles_title":"Arctic Noir, mascarilla calmante post tratamiento est\u00e9tico o m\u00e9dico","_seopress_titles_desc":"Arctic Noir, mascarilla hidratante perfecta para despu\u00e9s del tratamiento est\u00e9tico o m\u00e9dico que ayuda a bajar la inflamaci\u00f3n y calma la piel.","_seopress_robots_index":""},"product_brand":[],"product_cat":[1194,1213,1223,1183,1221],"product_tag":[],"class_list":{"0":"post-35960","1":"product","2":"type-product","3":"status-publish","4":"has-post-thumbnail","6":"product_cat-essentials-en","7":"product_cat-hydration","8":"product_cat-post-treatment","9":"product_cat-professional-aesthetics","10":"product_cat-sensitive-skin","12":"first","13":"instock","14":"taxable","15":"shipping-taxable","16":"product-type-simple"},"_links":{"self":[{"href":"https:\/\/fervent-dubinsky.82-165-171-139.plesk.page\/index.php?rest_route=\/wp\/v2\/product\/35960","targetHints":{"allow":["GET"]}}],"collection":[{"href":"https:\/\/fervent-dubinsky.82-165-171-139.plesk.page\/index.php?rest_route=\/wp\/v2\/product"}],"about":[{"href":"https:\/\/fervent-dubinsky.82-165-171-139.plesk.page\/index.php?rest_route=\/wp\/v2\/types\/product"}],"replies":[{"embeddable":true,"href":"https:\/\/fervent-dubinsky.82-165-171-139.plesk.page\/index.php?rest_route=%2Fwp%2Fv2%2Fcomments&post=35960"}],"version-history":[{"count":1,"href":"https:\/\/fervent-dubinsky.82-165-171-139.plesk.page\/index.php?rest_route=\/wp\/v2\/product\/35960\/revisions"}],"predecessor-version":[{"id":35963,"href":"https:\/\/fervent-dubinsky.82-165-171-139.plesk.page\/index.php?rest_route=\/wp\/v2\/product\/35960\/revisions\/35963"}],"wp:featuredmedia":[{"embeddable":true,"href":"https:\/\/fervent-dubinsky.82-165-171-139.plesk.page\/index.php?rest_route=\/wp\/v2\/media\/34118"}],"wp:attachment":[{"href":"https:\/\/fervent-dubinsky.82-165-171-139.plesk.page\/index.php?rest_route=%2Fwp%2Fv2%2Fmedia&parent=35960"}],"wp:term":[{"taxonomy":"product_brand","embeddable":true,"href":"https:\/\/fervent-dubinsky.82-165-171-139.plesk.page\/index.php?rest_route=%2Fwp%2Fv2%2Fproduct_brand&post=35960"},{"taxonomy":"product_cat","embeddable":true,"href":"https:\/\/fervent-dubinsky.82-165-171-139.plesk.page\/index.php?rest_route=%2Fwp%2Fv2%2Fproduct_cat&post=35960"},{"taxonomy":"product_tag","embeddable":true,"href":"https:\/\/fervent-dubinsky.82-165-171-139.plesk.page\/index.php?rest_route=%2Fwp%2Fv2%2Fproduct_tag&post=35960"}],"curies":[{"name":"wp","href":"https:\/\/api.w.org\/{rel}","templated":true}]}}