{"id":35952,"date":"2025-01-07T11:50:46","date_gmt":"2025-01-07T11:50:46","guid":{"rendered":"https:\/\/fervent-dubinsky.82-165-171-139.plesk.page\/?post_type=product&#038;p=35952"},"modified":"2025-02-04T04:17:03","modified_gmt":"2025-02-04T04:17:03","slug":"inbiogenase-2","status":"publish","type":"product","link":"https:\/\/fervent-dubinsky.82-165-171-139.plesk.page\/?product=inbiogenase-2&lang=en","title":{"rendered":"Inbiogenase"},"content":{"rendered":"<p>Collagenase is an enzyme that breaks peptide bonds in collagen, aiding in its restructuring. It helps dissolve collagen fibers in the decomposition phase along with adipocytes present in cellulite nodules, improving skin appearance and flaccidity, especially in cases of fibrous cellulite and localized fat. Inbiogenase degrades old collagen and stimulates new collagen production, achieving a healthier, firmer, and stronger skin appearance.<\/p>\n","protected":false},"excerpt":{"rendered":"<p>A lyophilized solution with active ingredients that help improve skin flaccidity, fibrous cellulite, and localized fat.<\/p>\n","protected":false},"featured_media":34084,"comment_status":"open","ping_status":"closed","template":"","meta":{"_seopress_robots_primary_cat":"none","_seopress_titles_title":"Inbiogenase, consigue un aspecto m\u00e1s saludable de la piel","_seopress_titles_desc":"Inbiogenase degrada el col\u00e1geno viejo y genera producci\u00f3n de col\u00e1geno, reafirmando y fortaleciendo la piel.","_seopress_robots_index":""},"product_brand":[],"product_cat":[1207,1196,1217,1183],"product_tag":[],"class_list":{"0":"post-35952","1":"product","2":"type-product","3":"status-publish","4":"has-post-thumbnail","6":"product_cat-body","7":"product_cat-inbiotec-en","8":"product_cat-microneedling-en","9":"product_cat-professional-aesthetics","11":"first","12":"instock","13":"taxable","14":"shipping-taxable","15":"product-type-simple"},"_links":{"self":[{"href":"https:\/\/fervent-dubinsky.82-165-171-139.plesk.page\/index.php?rest_route=\/wp\/v2\/product\/35952","targetHints":{"allow":["GET"]}}],"collection":[{"href":"https:\/\/fervent-dubinsky.82-165-171-139.plesk.page\/index.php?rest_route=\/wp\/v2\/product"}],"about":[{"href":"https:\/\/fervent-dubinsky.82-165-171-139.plesk.page\/index.php?rest_route=\/wp\/v2\/types\/product"}],"replies":[{"embeddable":true,"href":"https:\/\/fervent-dubinsky.82-165-171-139.plesk.page\/index.php?rest_route=%2Fwp%2Fv2%2Fcomments&post=35952"}],"version-history":[{"count":1,"href":"https:\/\/fervent-dubinsky.82-165-171-139.plesk.page\/index.php?rest_route=\/wp\/v2\/product\/35952\/revisions"}],"predecessor-version":[{"id":35955,"href":"https:\/\/fervent-dubinsky.82-165-171-139.plesk.page\/index.php?rest_route=\/wp\/v2\/product\/35952\/revisions\/35955"}],"wp:featuredmedia":[{"embeddable":true,"href":"https:\/\/fervent-dubinsky.82-165-171-139.plesk.page\/index.php?rest_route=\/wp\/v2\/media\/34084"}],"wp:attachment":[{"href":"https:\/\/fervent-dubinsky.82-165-171-139.plesk.page\/index.php?rest_route=%2Fwp%2Fv2%2Fmedia&parent=35952"}],"wp:term":[{"taxonomy":"product_brand","embeddable":true,"href":"https:\/\/fervent-dubinsky.82-165-171-139.plesk.page\/index.php?rest_route=%2Fwp%2Fv2%2Fproduct_brand&post=35952"},{"taxonomy":"product_cat","embeddable":true,"href":"https:\/\/fervent-dubinsky.82-165-171-139.plesk.page\/index.php?rest_route=%2Fwp%2Fv2%2Fproduct_cat&post=35952"},{"taxonomy":"product_tag","embeddable":true,"href":"https:\/\/fervent-dubinsky.82-165-171-139.plesk.page\/index.php?rest_route=%2Fwp%2Fv2%2Fproduct_tag&post=35952"}],"curies":[{"name":"wp","href":"https:\/\/api.w.org\/{rel}","templated":true}]}}