{"id":35944,"date":"2025-01-07T11:47:40","date_gmt":"2025-01-07T11:47:40","guid":{"rendered":"https:\/\/fervent-dubinsky.82-165-171-139.plesk.page\/?post_type=product&#038;p=35944"},"modified":"2025-06-27T10:05:11","modified_gmt":"2025-06-27T10:05:11","slug":"inbiodrain-2","status":"publish","type":"product","link":"https:\/\/fervent-dubinsky.82-165-171-139.plesk.page\/?product=inbiodrain-2&lang=en","title":{"rendered":"Inbiodrain"},"content":{"rendered":"<p>Inbiodrain uses a lyophilized presentation to maintain ingredient activity, increasing dermal permeability.<\/p>\n","protected":false},"excerpt":{"rendered":"<p>A lyophilized solution based on hyaluronidase that degrades HA and enhances dermal permeability.<\/p>\n","protected":false},"featured_media":73443,"comment_status":"open","ping_status":"closed","template":"","meta":{"_seopress_robots_primary_cat":"none","_seopress_titles_title":"Inbiodrain, aumento del drenaje linf\u00e1tico y mejora del flujo sangu\u00edneo","_seopress_titles_desc":"Inbiodrain facilita la degradaci\u00f3n de mol\u00e9culas de polisac\u00e1ridos responsables de la acumulaci\u00f3n excesiva y mejora la retenci\u00f3n de l\u00edquidos.","_seopress_robots_index":""},"product_brand":[],"product_cat":[1207,1196,1217,1183],"product_tag":[],"class_list":{"0":"post-35944","1":"product","2":"type-product","3":"status-publish","4":"has-post-thumbnail","6":"product_cat-body","7":"product_cat-inbiotec-en","8":"product_cat-microneedling-en","9":"product_cat-professional-aesthetics","11":"first","12":"instock","13":"taxable","14":"shipping-taxable","15":"product-type-simple"},"_links":{"self":[{"href":"https:\/\/fervent-dubinsky.82-165-171-139.plesk.page\/index.php?rest_route=\/wp\/v2\/product\/35944","targetHints":{"allow":["GET"]}}],"collection":[{"href":"https:\/\/fervent-dubinsky.82-165-171-139.plesk.page\/index.php?rest_route=\/wp\/v2\/product"}],"about":[{"href":"https:\/\/fervent-dubinsky.82-165-171-139.plesk.page\/index.php?rest_route=\/wp\/v2\/types\/product"}],"replies":[{"embeddable":true,"href":"https:\/\/fervent-dubinsky.82-165-171-139.plesk.page\/index.php?rest_route=%2Fwp%2Fv2%2Fcomments&post=35944"}],"version-history":[{"count":4,"href":"https:\/\/fervent-dubinsky.82-165-171-139.plesk.page\/index.php?rest_route=\/wp\/v2\/product\/35944\/revisions"}],"predecessor-version":[{"id":71398,"href":"https:\/\/fervent-dubinsky.82-165-171-139.plesk.page\/index.php?rest_route=\/wp\/v2\/product\/35944\/revisions\/71398"}],"wp:featuredmedia":[{"embeddable":true,"href":"https:\/\/fervent-dubinsky.82-165-171-139.plesk.page\/index.php?rest_route=\/wp\/v2\/media\/73443"}],"wp:attachment":[{"href":"https:\/\/fervent-dubinsky.82-165-171-139.plesk.page\/index.php?rest_route=%2Fwp%2Fv2%2Fmedia&parent=35944"}],"wp:term":[{"taxonomy":"product_brand","embeddable":true,"href":"https:\/\/fervent-dubinsky.82-165-171-139.plesk.page\/index.php?rest_route=%2Fwp%2Fv2%2Fproduct_brand&post=35944"},{"taxonomy":"product_cat","embeddable":true,"href":"https:\/\/fervent-dubinsky.82-165-171-139.plesk.page\/index.php?rest_route=%2Fwp%2Fv2%2Fproduct_cat&post=35944"},{"taxonomy":"product_tag","embeddable":true,"href":"https:\/\/fervent-dubinsky.82-165-171-139.plesk.page\/index.php?rest_route=%2Fwp%2Fv2%2Fproduct_tag&post=35944"}],"curies":[{"name":"wp","href":"https:\/\/api.w.org\/{rel}","templated":true}]}}