{"id":35936,"date":"2025-01-07T11:44:24","date_gmt":"2025-01-07T11:44:24","guid":{"rendered":"https:\/\/fervent-dubinsky.82-165-171-139.plesk.page\/?post_type=product&#038;p=35936"},"modified":"2025-03-13T18:03:02","modified_gmt":"2025-03-13T18:03:02","slug":"inbioamber-2","status":"publish","type":"product","link":"https:\/\/fervent-dubinsky.82-165-171-139.plesk.page\/?product=inbioamber-2&lang=en","title":{"rendered":"Inbioamber"},"content":{"rendered":"<p>InbioAmber combines hyaluronic acid for deep hydration with succinic acid, renowned for its anti-inflammatory, regenerative, and antioxidant properties. This treatment is ideal for combating inflammaging and improving scars or hyperpigmentation.<\/p>\n","protected":false},"excerpt":{"rendered":"<p>A solution of hyaluronic acid and succinic acid for dermal rehabilitation and biostimulation.<\/p>\n","protected":false},"featured_media":43127,"comment_status":"open","ping_status":"closed","template":"","meta":{"_seopress_robots_primary_cat":"none","_seopress_titles_title":"INBIOAMBER, TRATAMIENTO EXCLUSIVO ANTIOXIDANTE","_seopress_titles_desc":"InbioAmber es un tratamiento l\u00edquido de la l\u00ednea Inbiotec que combina \u00e1cido hialur\u00f3nico con \u00e1cido succ\u00ednico.","_seopress_robots_index":""},"product_brand":[],"product_cat":[1201,1209,1213,1183,1199,1205,1221],"product_tag":[],"class_list":{"0":"post-35936","1":"product","2":"type-product","3":"status-publish","4":"has-post-thumbnail","6":"product_cat-antioxidant-professional-aesthetics","7":"product_cat-depigmentation-professional-aesthetics","8":"product_cat-hydration","9":"product_cat-professional-aesthetics","10":"product_cat-professional-aesthetics-treatments","11":"product_cat-scars","12":"product_cat-sensitive-skin","14":"first","15":"instock","16":"taxable","17":"shipping-taxable","18":"product-type-simple"},"_links":{"self":[{"href":"https:\/\/fervent-dubinsky.82-165-171-139.plesk.page\/index.php?rest_route=\/wp\/v2\/product\/35936","targetHints":{"allow":["GET"]}}],"collection":[{"href":"https:\/\/fervent-dubinsky.82-165-171-139.plesk.page\/index.php?rest_route=\/wp\/v2\/product"}],"about":[{"href":"https:\/\/fervent-dubinsky.82-165-171-139.plesk.page\/index.php?rest_route=\/wp\/v2\/types\/product"}],"replies":[{"embeddable":true,"href":"https:\/\/fervent-dubinsky.82-165-171-139.plesk.page\/index.php?rest_route=%2Fwp%2Fv2%2Fcomments&post=35936"}],"version-history":[{"count":1,"href":"https:\/\/fervent-dubinsky.82-165-171-139.plesk.page\/index.php?rest_route=\/wp\/v2\/product\/35936\/revisions"}],"predecessor-version":[{"id":35939,"href":"https:\/\/fervent-dubinsky.82-165-171-139.plesk.page\/index.php?rest_route=\/wp\/v2\/product\/35936\/revisions\/35939"}],"wp:featuredmedia":[{"embeddable":true,"href":"https:\/\/fervent-dubinsky.82-165-171-139.plesk.page\/index.php?rest_route=\/wp\/v2\/media\/43127"}],"wp:attachment":[{"href":"https:\/\/fervent-dubinsky.82-165-171-139.plesk.page\/index.php?rest_route=%2Fwp%2Fv2%2Fmedia&parent=35936"}],"wp:term":[{"taxonomy":"product_brand","embeddable":true,"href":"https:\/\/fervent-dubinsky.82-165-171-139.plesk.page\/index.php?rest_route=%2Fwp%2Fv2%2Fproduct_brand&post=35936"},{"taxonomy":"product_cat","embeddable":true,"href":"https:\/\/fervent-dubinsky.82-165-171-139.plesk.page\/index.php?rest_route=%2Fwp%2Fv2%2Fproduct_cat&post=35936"},{"taxonomy":"product_tag","embeddable":true,"href":"https:\/\/fervent-dubinsky.82-165-171-139.plesk.page\/index.php?rest_route=%2Fwp%2Fv2%2Fproduct_tag&post=35936"}],"curies":[{"name":"wp","href":"https:\/\/api.w.org\/{rel}","templated":true}]}}