{"id":35926,"date":"2025-01-07T11:40:11","date_gmt":"2025-01-07T11:40:11","guid":{"rendered":"https:\/\/fervent-dubinsky.82-165-171-139.plesk.page\/?post_type=product&#038;p=35926"},"modified":"2025-02-04T04:18:41","modified_gmt":"2025-02-04T04:18:41","slug":"inbioregen-2","status":"publish","type":"product","link":"https:\/\/fervent-dubinsky.82-165-171-139.plesk.page\/?product=inbioregen-2&lang=en","title":{"rendered":"Inbioregen"},"content":{"rendered":"<p>Inbioregen works both on the surface and in the deeper layers of the skin tissue, smoothing the skin and eliminating damaged external layers. It significantly stimulates the skin&#8217;s metabolic activity and regenerative power. This rejuvenating and regenerative solution contains over 60 active ingredients, including vitamins and amino acids, to enhance the overall condition of the dermis.<\/p>\n","protected":false},"excerpt":{"rendered":"<p>A solution whose active ingredients act as a Skin Builder, regenerating and smoothing the dermis.<\/p>\n","protected":false},"featured_media":33964,"comment_status":"open","ping_status":"closed","template":"","meta":{"_seopress_robots_primary_cat":"none","_seopress_titles_title":"Inbioregen, rejuvenecimiento facial y regenerador del tejido","_seopress_titles_desc":"Inbioregen, dermorregenerador que act\u00faa sobre la superficie y los estratos m\u00e1s internos del tejido cut\u00e1neo aumentando su actividad metab\u00f3lica.","_seopress_robots_index":""},"product_brand":[],"product_cat":[1201,1213,1196,1217,1183,1205],"product_tag":[],"class_list":{"0":"post-35926","1":"product","2":"type-product","3":"status-publish","4":"has-post-thumbnail","6":"product_cat-antioxidant-professional-aesthetics","7":"product_cat-hydration","8":"product_cat-inbiotec-en","9":"product_cat-microneedling-en","10":"product_cat-professional-aesthetics","11":"product_cat-scars","13":"first","14":"instock","15":"taxable","16":"shipping-taxable","17":"product-type-simple"},"_links":{"self":[{"href":"https:\/\/fervent-dubinsky.82-165-171-139.plesk.page\/index.php?rest_route=\/wp\/v2\/product\/35926","targetHints":{"allow":["GET"]}}],"collection":[{"href":"https:\/\/fervent-dubinsky.82-165-171-139.plesk.page\/index.php?rest_route=\/wp\/v2\/product"}],"about":[{"href":"https:\/\/fervent-dubinsky.82-165-171-139.plesk.page\/index.php?rest_route=\/wp\/v2\/types\/product"}],"replies":[{"embeddable":true,"href":"https:\/\/fervent-dubinsky.82-165-171-139.plesk.page\/index.php?rest_route=%2Fwp%2Fv2%2Fcomments&post=35926"}],"version-history":[{"count":1,"href":"https:\/\/fervent-dubinsky.82-165-171-139.plesk.page\/index.php?rest_route=\/wp\/v2\/product\/35926\/revisions"}],"predecessor-version":[{"id":35929,"href":"https:\/\/fervent-dubinsky.82-165-171-139.plesk.page\/index.php?rest_route=\/wp\/v2\/product\/35926\/revisions\/35929"}],"wp:featuredmedia":[{"embeddable":true,"href":"https:\/\/fervent-dubinsky.82-165-171-139.plesk.page\/index.php?rest_route=\/wp\/v2\/media\/33964"}],"wp:attachment":[{"href":"https:\/\/fervent-dubinsky.82-165-171-139.plesk.page\/index.php?rest_route=%2Fwp%2Fv2%2Fmedia&parent=35926"}],"wp:term":[{"taxonomy":"product_brand","embeddable":true,"href":"https:\/\/fervent-dubinsky.82-165-171-139.plesk.page\/index.php?rest_route=%2Fwp%2Fv2%2Fproduct_brand&post=35926"},{"taxonomy":"product_cat","embeddable":true,"href":"https:\/\/fervent-dubinsky.82-165-171-139.plesk.page\/index.php?rest_route=%2Fwp%2Fv2%2Fproduct_cat&post=35926"},{"taxonomy":"product_tag","embeddable":true,"href":"https:\/\/fervent-dubinsky.82-165-171-139.plesk.page\/index.php?rest_route=%2Fwp%2Fv2%2Fproduct_tag&post=35926"}],"curies":[{"name":"wp","href":"https:\/\/api.w.org\/{rel}","templated":true}]}}