{"id":35873,"date":"2025-01-07T10:09:59","date_gmt":"2025-01-07T10:09:59","guid":{"rendered":"https:\/\/fervent-dubinsky.82-165-171-139.plesk.page\/?post_type=product&#038;p=35873"},"modified":"2025-02-04T04:07:00","modified_gmt":"2025-02-04T04:07:00","slug":"hv-lifting-2","status":"publish","type":"product","link":"https:\/\/fervent-dubinsky.82-165-171-139.plesk.page\/?product=hv-lifting-2&lang=en","title":{"rendered":"HV Lifting"},"content":{"rendered":"<p>The formula, based on vitamins, amino acids, minerals, and coenzymes, provides an antioxidant and regenerating solution that revitalizes the skin. Combined with hyaluronic acid and DMAE, it delivers the necessary nutrients to restore tone, elasticity, and luminosity, leaving the skin youthful and radiant.<\/p>\n","protected":false},"excerpt":{"rendered":"<p>Solution with active ingredients that restore skin tone, elasticity, and radiance thanks to the blend of nutrients in its formula.<\/p>\n","protected":false},"featured_media":33883,"comment_status":"open","ping_status":"closed","template":"","meta":{"_seopress_robots_primary_cat":"none","_seopress_titles_title":"HV Lifting, acci\u00f3n reafirmante y regeneradora de la piel","_seopress_titles_desc":"HV Lifting, tratamiento de las arrugas de expresi\u00f3n sin efectos secundarios ya compatible con el \u00e1cido hialur\u00f3nico del propio organismo.","_seopress_robots_index":""},"product_brand":[],"product_cat":[1201,1219,1192,1213,1215,1217,1183],"product_tag":[],"class_list":{"0":"post-35873","1":"product","2":"type-product","3":"status-publish","4":"has-post-thumbnail","6":"product_cat-antioxidant-professional-aesthetics","7":"product_cat-dark-circles","8":"product_cat-elements-en","9":"product_cat-hydration","10":"product_cat-lifting-professional-aesthetics","11":"product_cat-microneedling-en","12":"product_cat-professional-aesthetics","14":"first","15":"instock","16":"taxable","17":"shipping-taxable","18":"product-type-simple"},"_links":{"self":[{"href":"https:\/\/fervent-dubinsky.82-165-171-139.plesk.page\/index.php?rest_route=\/wp\/v2\/product\/35873","targetHints":{"allow":["GET"]}}],"collection":[{"href":"https:\/\/fervent-dubinsky.82-165-171-139.plesk.page\/index.php?rest_route=\/wp\/v2\/product"}],"about":[{"href":"https:\/\/fervent-dubinsky.82-165-171-139.plesk.page\/index.php?rest_route=\/wp\/v2\/types\/product"}],"replies":[{"embeddable":true,"href":"https:\/\/fervent-dubinsky.82-165-171-139.plesk.page\/index.php?rest_route=%2Fwp%2Fv2%2Fcomments&post=35873"}],"version-history":[{"count":2,"href":"https:\/\/fervent-dubinsky.82-165-171-139.plesk.page\/index.php?rest_route=\/wp\/v2\/product\/35873\/revisions"}],"predecessor-version":[{"id":38278,"href":"https:\/\/fervent-dubinsky.82-165-171-139.plesk.page\/index.php?rest_route=\/wp\/v2\/product\/35873\/revisions\/38278"}],"wp:featuredmedia":[{"embeddable":true,"href":"https:\/\/fervent-dubinsky.82-165-171-139.plesk.page\/index.php?rest_route=\/wp\/v2\/media\/33883"}],"wp:attachment":[{"href":"https:\/\/fervent-dubinsky.82-165-171-139.plesk.page\/index.php?rest_route=%2Fwp%2Fv2%2Fmedia&parent=35873"}],"wp:term":[{"taxonomy":"product_brand","embeddable":true,"href":"https:\/\/fervent-dubinsky.82-165-171-139.plesk.page\/index.php?rest_route=%2Fwp%2Fv2%2Fproduct_brand&post=35873"},{"taxonomy":"product_cat","embeddable":true,"href":"https:\/\/fervent-dubinsky.82-165-171-139.plesk.page\/index.php?rest_route=%2Fwp%2Fv2%2Fproduct_cat&post=35873"},{"taxonomy":"product_tag","embeddable":true,"href":"https:\/\/fervent-dubinsky.82-165-171-139.plesk.page\/index.php?rest_route=%2Fwp%2Fv2%2Fproduct_tag&post=35873"}],"curies":[{"name":"wp","href":"https:\/\/api.w.org\/{rel}","templated":true}]}}