{"id":35869,"date":"2025-01-07T10:04:04","date_gmt":"2025-01-07T10:04:04","guid":{"rendered":"https:\/\/fervent-dubinsky.82-165-171-139.plesk.page\/?post_type=product&#038;p=35869"},"modified":"2025-02-04T04:06:00","modified_gmt":"2025-02-04T04:06:00","slug":"ha-lifting-classic-2","status":"publish","type":"product","link":"https:\/\/fervent-dubinsky.82-165-171-139.plesk.page\/?product=ha-lifting-classic-2&lang=en","title":{"rendered":"HA Lifting Classic"},"content":{"rendered":"<p>Hyaluronic acid, the main ingredient in this formula, aids collagen synthesis and is capable of redensifying and hydrating the skin thanks to its high hygroscopic capacity. This product is an essential base for any aesthetic treatment, providing firmness and vitality to the skin.<\/p>\n","protected":false},"excerpt":{"rendered":"<p>A cosmetic whose active ingredients help improve collagen synthesis, hydrate, and redensify the skin.<\/p>\n","protected":false},"featured_media":33858,"comment_status":"open","ping_status":"closed","template":"","meta":{"_seopress_robots_primary_cat":"none","_seopress_titles_title":"HA Lifting Classic, la f\u00f3rmula de \u00e1cido hialur\u00f3nico de IT Pharma","_seopress_titles_desc":"HA Lifting Classic es el \u00e1cido hialur\u00f3nico de IT Pharma empleado para tratamientos faciales, antiaging, revitalizadores de la piel.","_seopress_robots_index":""},"product_brand":[],"product_cat":[1192,1203,1213,1215,1217,1183,1205],"product_tag":[],"class_list":{"0":"post-35869","1":"product","2":"type-product","3":"status-publish","4":"has-post-thumbnail","6":"product_cat-elements-en","7":"product_cat-hair-care","8":"product_cat-hydration","9":"product_cat-lifting-professional-aesthetics","10":"product_cat-microneedling-en","11":"product_cat-professional-aesthetics","12":"product_cat-scars","14":"first","15":"instock","16":"taxable","17":"shipping-taxable","18":"product-type-simple"},"_links":{"self":[{"href":"https:\/\/fervent-dubinsky.82-165-171-139.plesk.page\/index.php?rest_route=\/wp\/v2\/product\/35869","targetHints":{"allow":["GET"]}}],"collection":[{"href":"https:\/\/fervent-dubinsky.82-165-171-139.plesk.page\/index.php?rest_route=\/wp\/v2\/product"}],"about":[{"href":"https:\/\/fervent-dubinsky.82-165-171-139.plesk.page\/index.php?rest_route=\/wp\/v2\/types\/product"}],"replies":[{"embeddable":true,"href":"https:\/\/fervent-dubinsky.82-165-171-139.plesk.page\/index.php?rest_route=%2Fwp%2Fv2%2Fcomments&post=35869"}],"version-history":[{"count":2,"href":"https:\/\/fervent-dubinsky.82-165-171-139.plesk.page\/index.php?rest_route=\/wp\/v2\/product\/35869\/revisions"}],"predecessor-version":[{"id":38275,"href":"https:\/\/fervent-dubinsky.82-165-171-139.plesk.page\/index.php?rest_route=\/wp\/v2\/product\/35869\/revisions\/38275"}],"wp:featuredmedia":[{"embeddable":true,"href":"https:\/\/fervent-dubinsky.82-165-171-139.plesk.page\/index.php?rest_route=\/wp\/v2\/media\/33858"}],"wp:attachment":[{"href":"https:\/\/fervent-dubinsky.82-165-171-139.plesk.page\/index.php?rest_route=%2Fwp%2Fv2%2Fmedia&parent=35869"}],"wp:term":[{"taxonomy":"product_brand","embeddable":true,"href":"https:\/\/fervent-dubinsky.82-165-171-139.plesk.page\/index.php?rest_route=%2Fwp%2Fv2%2Fproduct_brand&post=35869"},{"taxonomy":"product_cat","embeddable":true,"href":"https:\/\/fervent-dubinsky.82-165-171-139.plesk.page\/index.php?rest_route=%2Fwp%2Fv2%2Fproduct_cat&post=35869"},{"taxonomy":"product_tag","embeddable":true,"href":"https:\/\/fervent-dubinsky.82-165-171-139.plesk.page\/index.php?rest_route=%2Fwp%2Fv2%2Fproduct_tag&post=35869"}],"curies":[{"name":"wp","href":"https:\/\/api.w.org\/{rel}","templated":true}]}}