{"id":35865,"date":"2025-01-07T10:01:12","date_gmt":"2025-01-07T10:01:12","guid":{"rendered":"https:\/\/fervent-dubinsky.82-165-171-139.plesk.page\/?post_type=product&#038;p=35865"},"modified":"2025-01-07T12:53:56","modified_gmt":"2025-01-07T12:53:56","slug":"body-shape-2","status":"publish","type":"product","link":"https:\/\/fervent-dubinsky.82-165-171-139.plesk.page\/?product=body-shape-2&lang=en","title":{"rendered":"Body Shape"},"content":{"rendered":"<p>Body Shape combines active principles that promote lipolysis in the face and chin while inhibiting lipogenesis. It improves lymphatic drainage and strengthens the skin&#8217;s structure. Includes L-carnitine to accelerate metabolism and fat burning; troxerutin, melilot, and Asian coumarin to activate metabolism in areas with stretch marks or cellulite; and hyaluronic acid to keep tissues hydrated and healthy-looking.<\/p>\n","protected":false},"excerpt":{"rendered":"<p>Cosmetic solution with active ingredients that strengthen skin structure and help drain the lymphatic system.<\/p>\n","protected":false},"featured_media":33846,"comment_status":"open","ping_status":"closed","template":"","meta":{"_seopress_robots_primary_cat":"none","_seopress_titles_title":"Body Shape, soluci\u00f3n anticelul\u00edtica","_seopress_titles_desc":"Body Shape es una soluci\u00f3n anticelul\u00edtica con un potente efecto drenante e inductor de la activaci\u00f3n de la microcirculaci\u00f3n.","_seopress_robots_index":""},"product_brand":[],"product_cat":[1207,1192,1215,1217,1183],"product_tag":[],"class_list":{"0":"post-35865","1":"product","2":"type-product","3":"status-publish","4":"has-post-thumbnail","6":"product_cat-body","7":"product_cat-elements-en","8":"product_cat-lifting-professional-aesthetics","9":"product_cat-microneedling-en","10":"product_cat-professional-aesthetics","12":"first","13":"instock","14":"taxable","15":"shipping-taxable","16":"product-type-simple"},"_links":{"self":[{"href":"https:\/\/fervent-dubinsky.82-165-171-139.plesk.page\/index.php?rest_route=\/wp\/v2\/product\/35865","targetHints":{"allow":["GET"]}}],"collection":[{"href":"https:\/\/fervent-dubinsky.82-165-171-139.plesk.page\/index.php?rest_route=\/wp\/v2\/product"}],"about":[{"href":"https:\/\/fervent-dubinsky.82-165-171-139.plesk.page\/index.php?rest_route=\/wp\/v2\/types\/product"}],"replies":[{"embeddable":true,"href":"https:\/\/fervent-dubinsky.82-165-171-139.plesk.page\/index.php?rest_route=%2Fwp%2Fv2%2Fcomments&post=35865"}],"version-history":[{"count":1,"href":"https:\/\/fervent-dubinsky.82-165-171-139.plesk.page\/index.php?rest_route=\/wp\/v2\/product\/35865\/revisions"}],"predecessor-version":[{"id":35868,"href":"https:\/\/fervent-dubinsky.82-165-171-139.plesk.page\/index.php?rest_route=\/wp\/v2\/product\/35865\/revisions\/35868"}],"wp:featuredmedia":[{"embeddable":true,"href":"https:\/\/fervent-dubinsky.82-165-171-139.plesk.page\/index.php?rest_route=\/wp\/v2\/media\/33846"}],"wp:attachment":[{"href":"https:\/\/fervent-dubinsky.82-165-171-139.plesk.page\/index.php?rest_route=%2Fwp%2Fv2%2Fmedia&parent=35865"}],"wp:term":[{"taxonomy":"product_brand","embeddable":true,"href":"https:\/\/fervent-dubinsky.82-165-171-139.plesk.page\/index.php?rest_route=%2Fwp%2Fv2%2Fproduct_brand&post=35865"},{"taxonomy":"product_cat","embeddable":true,"href":"https:\/\/fervent-dubinsky.82-165-171-139.plesk.page\/index.php?rest_route=%2Fwp%2Fv2%2Fproduct_cat&post=35865"},{"taxonomy":"product_tag","embeddable":true,"href":"https:\/\/fervent-dubinsky.82-165-171-139.plesk.page\/index.php?rest_route=%2Fwp%2Fv2%2Fproduct_tag&post=35865"}],"curies":[{"name":"wp","href":"https:\/\/api.w.org\/{rel}","templated":true}]}}