{"id":31862,"date":"2024-07-23T10:49:24","date_gmt":"2024-07-23T10:49:24","guid":{"rendered":"https:\/\/fervent-dubinsky.82-165-171-139.plesk.page\/?post_type=product&#038;p=31862"},"modified":"2025-01-10T16:58:14","modified_gmt":"2025-01-10T16:58:14","slug":"ultra-sun-protector-cream","status":"publish","type":"product","link":"https:\/\/fervent-dubinsky.82-165-171-139.plesk.page\/?product=ultra-sun-protector-cream","title":{"rendered":"Ultra sun protector cream"},"content":{"rendered":"<p>La Ultra Sun Protector Cream contiene filtros solares f\u00edsicos, qu\u00edmicos y organominerales que brindan una protecci\u00f3n muy alta frente a radiaciones da\u00f1inas. Enriquecida con antioxidantes y activos calmantes como el bisabolol, esta crema minimiza el enrojecimiento y mejora la recuperaci\u00f3n de la piel tras procedimientos est\u00e9ticos. Su textura fluida y de secado r\u00e1pido facilita su aplicaci\u00f3n y reaplicaci\u00f3n.<\/p>\n","protected":false},"excerpt":{"rendered":"<p>Crema de fotoprotecci\u00f3n muy alta contra radiaciones UVB, UVA, VIS, IR y luz azul, dise\u00f1ada para proteger la piel tras tratamientos est\u00e9ticos.<\/p>\n","protected":false},"featured_media":34154,"comment_status":"open","ping_status":"closed","template":"","meta":{"_seopress_robots_primary_cat":"none","_seopress_titles_title":"ULTRA SUN PROTECTOR CREAM","_seopress_titles_desc":"Crema de Fotoprotecci\u00f3n muy alta contra radiaciones UVB, UVA, VIS, IR y luz azul. Dise\u00f1ada especialmente para posttramientos est\u00e9ticos","_seopress_robots_index":""},"product_brand":[],"product_cat":[858,830,841,836,842],"product_tag":[],"class_list":{"0":"post-31862","1":"product","2":"type-product","3":"status-publish","4":"has-post-thumbnail","6":"product_cat-essentials","7":"product_cat-estetica-profesional","8":"product_cat-fotoproteccion","9":"product_cat-microneedling","10":"product_cat-post-tratamiento","12":"first","13":"instock","14":"taxable","15":"shipping-taxable","16":"product-type-simple"},"_links":{"self":[{"href":"https:\/\/fervent-dubinsky.82-165-171-139.plesk.page\/index.php?rest_route=\/wp\/v2\/product\/31862","targetHints":{"allow":["GET"]}}],"collection":[{"href":"https:\/\/fervent-dubinsky.82-165-171-139.plesk.page\/index.php?rest_route=\/wp\/v2\/product"}],"about":[{"href":"https:\/\/fervent-dubinsky.82-165-171-139.plesk.page\/index.php?rest_route=\/wp\/v2\/types\/product"}],"replies":[{"embeddable":true,"href":"https:\/\/fervent-dubinsky.82-165-171-139.plesk.page\/index.php?rest_route=%2Fwp%2Fv2%2Fcomments&post=31862"}],"version-history":[{"count":17,"href":"https:\/\/fervent-dubinsky.82-165-171-139.plesk.page\/index.php?rest_route=\/wp\/v2\/product\/31862\/revisions"}],"predecessor-version":[{"id":35725,"href":"https:\/\/fervent-dubinsky.82-165-171-139.plesk.page\/index.php?rest_route=\/wp\/v2\/product\/31862\/revisions\/35725"}],"wp:featuredmedia":[{"embeddable":true,"href":"https:\/\/fervent-dubinsky.82-165-171-139.plesk.page\/index.php?rest_route=\/wp\/v2\/media\/34154"}],"wp:attachment":[{"href":"https:\/\/fervent-dubinsky.82-165-171-139.plesk.page\/index.php?rest_route=%2Fwp%2Fv2%2Fmedia&parent=31862"}],"wp:term":[{"taxonomy":"product_brand","embeddable":true,"href":"https:\/\/fervent-dubinsky.82-165-171-139.plesk.page\/index.php?rest_route=%2Fwp%2Fv2%2Fproduct_brand&post=31862"},{"taxonomy":"product_cat","embeddable":true,"href":"https:\/\/fervent-dubinsky.82-165-171-139.plesk.page\/index.php?rest_route=%2Fwp%2Fv2%2Fproduct_cat&post=31862"},{"taxonomy":"product_tag","embeddable":true,"href":"https:\/\/fervent-dubinsky.82-165-171-139.plesk.page\/index.php?rest_route=%2Fwp%2Fv2%2Fproduct_tag&post=31862"}],"curies":[{"name":"wp","href":"https:\/\/api.w.org\/{rel}","templated":true}]}}