{"id":30862,"date":"2024-02-28T14:28:04","date_gmt":"2024-02-28T14:28:04","guid":{"rendered":"https:\/\/fervent-dubinsky.82-165-171-139.plesk.page\/?post_type=product&#038;p=30862"},"modified":"2025-06-28T04:03:16","modified_gmt":"2025-06-28T04:03:16","slug":"harmonie-1-5","status":"publish","type":"product","link":"https:\/\/fervent-dubinsky.82-165-171-139.plesk.page\/?product=harmonie-1-5","title":{"rendered":"Harmonie 1,5%"},"content":{"rendered":"<p>Harmonie 1,5% es un relleno intrad\u00e9rmico formulado con \u00e1cido hialur\u00f3nico (AH) reticulado, dise\u00f1ado para la correcci\u00f3n de l\u00edneas finas y la rehidrataci\u00f3n profunda de la piel. Es \u00f3ptimo para tratar arrugas superficiales, rejuvenecer zonas espec\u00edficas como labios, patas de gallo, glabela y el c\u00f3digo de barras, aportando un efecto natural y restaurador.<\/p>\n<p><a href=\"https:\/\/fervent-dubinsky.82-165-171-139.plesk.page\/medicina-estetica\/lineas-de-producto-medicina-estetica\/harmonie\/\">Ver l\u00ednea Harmonie<\/a><\/p>\n","protected":false},"excerpt":{"rendered":"<p>Relleno intrad\u00e9rmico de \u00e1cido hialur\u00f3nico reticulado, ideal para corregir l\u00edneas finas y rehidratar la piel profundamente.<\/p>\n","protected":false},"featured_media":35327,"comment_status":"open","ping_status":"closed","template":"","meta":{"_seopress_robots_primary_cat":"none","_seopress_titles_title":"Harmonie 1,5%. Relleno intrad\u00e9rmico de AH reticulado.","_seopress_titles_desc":"Relleno intrad\u00e9rmico de AH reticulado, \u00f3ptimo para la correcci\u00f3n de l\u00edneas finas y la rehidrataci\u00f3n profunda.","_seopress_robots_index":""},"product_brand":[],"product_cat":[868,846,848],"product_tag":[],"class_list":{"0":"post-30862","1":"product","2":"type-product","3":"status-publish","4":"has-post-thumbnail","6":"product_cat-harmonie","7":"product_cat-medicina-estetica","8":"product_cat-rellenos-de-acido-hialuronico","10":"first","11":"instock","12":"taxable","13":"shipping-taxable","14":"product-type-simple"},"_links":{"self":[{"href":"https:\/\/fervent-dubinsky.82-165-171-139.plesk.page\/index.php?rest_route=\/wp\/v2\/product\/30862","targetHints":{"allow":["GET"]}}],"collection":[{"href":"https:\/\/fervent-dubinsky.82-165-171-139.plesk.page\/index.php?rest_route=\/wp\/v2\/product"}],"about":[{"href":"https:\/\/fervent-dubinsky.82-165-171-139.plesk.page\/index.php?rest_route=\/wp\/v2\/types\/product"}],"replies":[{"embeddable":true,"href":"https:\/\/fervent-dubinsky.82-165-171-139.plesk.page\/index.php?rest_route=%2Fwp%2Fv2%2Fcomments&post=30862"}],"version-history":[{"count":32,"href":"https:\/\/fervent-dubinsky.82-165-171-139.plesk.page\/index.php?rest_route=\/wp\/v2\/product\/30862\/revisions"}],"predecessor-version":[{"id":73560,"href":"https:\/\/fervent-dubinsky.82-165-171-139.plesk.page\/index.php?rest_route=\/wp\/v2\/product\/30862\/revisions\/73560"}],"wp:featuredmedia":[{"embeddable":true,"href":"https:\/\/fervent-dubinsky.82-165-171-139.plesk.page\/index.php?rest_route=\/wp\/v2\/media\/35327"}],"wp:attachment":[{"href":"https:\/\/fervent-dubinsky.82-165-171-139.plesk.page\/index.php?rest_route=%2Fwp%2Fv2%2Fmedia&parent=30862"}],"wp:term":[{"taxonomy":"product_brand","embeddable":true,"href":"https:\/\/fervent-dubinsky.82-165-171-139.plesk.page\/index.php?rest_route=%2Fwp%2Fv2%2Fproduct_brand&post=30862"},{"taxonomy":"product_cat","embeddable":true,"href":"https:\/\/fervent-dubinsky.82-165-171-139.plesk.page\/index.php?rest_route=%2Fwp%2Fv2%2Fproduct_cat&post=30862"},{"taxonomy":"product_tag","embeddable":true,"href":"https:\/\/fervent-dubinsky.82-165-171-139.plesk.page\/index.php?rest_route=%2Fwp%2Fv2%2Fproduct_tag&post=30862"}],"curies":[{"name":"wp","href":"https:\/\/api.w.org\/{rel}","templated":true}]}}