{"id":29568,"date":"2023-09-03T16:36:45","date_gmt":"2023-09-03T16:36:45","guid":{"rendered":"http:\/\/itpharma.vl24666.dinaserver.com\/?post_type=product&#038;p=29568"},"modified":"2025-02-04T04:26:53","modified_gmt":"2025-02-04T04:26:53","slug":"origin-purificante","status":"publish","type":"product","link":"https:\/\/fervent-dubinsky.82-165-171-139.plesk.page\/?product=origin-purificante","title":{"rendered":"Origin Purificante"},"content":{"rendered":"<p>Origin purificante es un producto de abrasi\u00f3n superficial de la piel por v\u00eda qu\u00edmica o peeling qu\u00edmico. Formado por una mezcla de \u00c1cido Azelaico y \u00c1cido F\u00edtico en soluci\u00f3n hidroalcoh\u00f3lica.<\/p>\n","protected":false},"excerpt":{"rendered":"<p>Producto de abrasi\u00f3n superficial de la piel por v\u00eda qu\u00edmica o peeling qu\u00edmico, formado por una mezcla de \u00c1cido Azelaico y \u00c1cido F\u00edtico en soluci\u00f3n hidroalcoh\u00f3lica.<\/p>\n","protected":false},"featured_media":29570,"comment_status":"open","ping_status":"closed","template":"","meta":{"_seopress_robots_primary_cat":"none","_seopress_titles_title":"Origin Peeling Purificante-Acn\u00e9","_seopress_titles_desc":"Origin Peeling Purificante-Acn\u00e9 se emplea en tratamientos de pieles con tendencia acneica.","_seopress_robots_index":""},"product_brand":[],"product_cat":[846,861,850],"product_tag":[],"class_list":{"0":"post-29568","1":"product","2":"type-product","3":"status-publish","4":"has-post-thumbnail","6":"product_cat-medicina-estetica","7":"product_cat-origin","8":"product_cat-peelings","10":"first","11":"instock","12":"taxable","13":"shipping-taxable","14":"product-type-simple"},"_links":{"self":[{"href":"https:\/\/fervent-dubinsky.82-165-171-139.plesk.page\/index.php?rest_route=\/wp\/v2\/product\/29568","targetHints":{"allow":["GET"]}}],"collection":[{"href":"https:\/\/fervent-dubinsky.82-165-171-139.plesk.page\/index.php?rest_route=\/wp\/v2\/product"}],"about":[{"href":"https:\/\/fervent-dubinsky.82-165-171-139.plesk.page\/index.php?rest_route=\/wp\/v2\/types\/product"}],"replies":[{"embeddable":true,"href":"https:\/\/fervent-dubinsky.82-165-171-139.plesk.page\/index.php?rest_route=%2Fwp%2Fv2%2Fcomments&post=29568"}],"version-history":[{"count":31,"href":"https:\/\/fervent-dubinsky.82-165-171-139.plesk.page\/index.php?rest_route=\/wp\/v2\/product\/29568\/revisions"}],"predecessor-version":[{"id":35731,"href":"https:\/\/fervent-dubinsky.82-165-171-139.plesk.page\/index.php?rest_route=\/wp\/v2\/product\/29568\/revisions\/35731"}],"wp:featuredmedia":[{"embeddable":true,"href":"https:\/\/fervent-dubinsky.82-165-171-139.plesk.page\/index.php?rest_route=\/wp\/v2\/media\/29570"}],"wp:attachment":[{"href":"https:\/\/fervent-dubinsky.82-165-171-139.plesk.page\/index.php?rest_route=%2Fwp%2Fv2%2Fmedia&parent=29568"}],"wp:term":[{"taxonomy":"product_brand","embeddable":true,"href":"https:\/\/fervent-dubinsky.82-165-171-139.plesk.page\/index.php?rest_route=%2Fwp%2Fv2%2Fproduct_brand&post=29568"},{"taxonomy":"product_cat","embeddable":true,"href":"https:\/\/fervent-dubinsky.82-165-171-139.plesk.page\/index.php?rest_route=%2Fwp%2Fv2%2Fproduct_cat&post=29568"},{"taxonomy":"product_tag","embeddable":true,"href":"https:\/\/fervent-dubinsky.82-165-171-139.plesk.page\/index.php?rest_route=%2Fwp%2Fv2%2Fproduct_tag&post=29568"}],"curies":[{"name":"wp","href":"https:\/\/api.w.org\/{rel}","templated":true}]}}