{"id":29540,"date":"2023-09-03T16:03:34","date_gmt":"2023-09-03T16:03:34","guid":{"rendered":"http:\/\/itpharma.vl24666.dinaserver.com\/?post_type=product&#038;p=29540"},"modified":"2025-02-04T04:23:15","modified_gmt":"2025-02-04T04:23:15","slug":"origin-amber","status":"publish","type":"product","link":"https:\/\/fervent-dubinsky.82-165-171-139.plesk.page\/?product=origin-amber","title":{"rendered":"Origin Amber"},"content":{"rendered":"<p>Origin Amber es un producto de abrasi\u00f3n superficial de la piel por v\u00eda qu\u00edmica o peeling qu\u00edmico. Formado por una mezcla de \u00c1cido Fer\u00falico, \u00c1cido L\u00e1ctico, \u00c1cido Succ\u00ednico y Butylresorcinol en soluci\u00f3n hidroalcoh\u00f3lica. Se emplea en tratamientos despigmentantes, para tono irregular de la piel, fotoenvejecimiento y falta de luminosidad. Con activos despigmentantes y renovadores celulares que favorecen la unificaci\u00f3n del tono y la eliminaci\u00f3n de c\u00e9lulas muertas.<\/p>\n","protected":false},"excerpt":{"rendered":"<p>Producto de abrasi\u00f3n superficial de la piel por v\u00eda qu\u00edmica para tratamientos de manchas, discrom\u00edas localizadas, tonos irregulares de la piel y pieles apagadas.<\/p>\n","protected":false},"featured_media":34169,"comment_status":"open","ping_status":"closed","template":"","meta":{"_seopress_robots_primary_cat":"none","_seopress_titles_title":"Amber,Eel Peeling antioxidante-despigmentante de Origin","_seopress_titles_desc":"El Peeling antioxidante-despigmentante de Origin es un peeling qu\u00edmico indicado para pieles pieles fotoenvejecidas, con manchas y\/o \u00e1tonas.","_seopress_robots_index":""},"product_brand":[],"product_cat":[847,846,861,850],"product_tag":[],"class_list":{"0":"post-29540","1":"product","2":"type-product","3":"status-publish","4":"has-post-thumbnail","6":"product_cat-despigmentacion-medicina-estetica","7":"product_cat-medicina-estetica","8":"product_cat-origin","9":"product_cat-peelings","11":"first","12":"instock","13":"taxable","14":"shipping-taxable","15":"product-type-simple"},"_links":{"self":[{"href":"https:\/\/fervent-dubinsky.82-165-171-139.plesk.page\/index.php?rest_route=\/wp\/v2\/product\/29540","targetHints":{"allow":["GET"]}}],"collection":[{"href":"https:\/\/fervent-dubinsky.82-165-171-139.plesk.page\/index.php?rest_route=\/wp\/v2\/product"}],"about":[{"href":"https:\/\/fervent-dubinsky.82-165-171-139.plesk.page\/index.php?rest_route=\/wp\/v2\/types\/product"}],"replies":[{"embeddable":true,"href":"https:\/\/fervent-dubinsky.82-165-171-139.plesk.page\/index.php?rest_route=%2Fwp%2Fv2%2Fcomments&post=29540"}],"version-history":[{"count":34,"href":"https:\/\/fervent-dubinsky.82-165-171-139.plesk.page\/index.php?rest_route=\/wp\/v2\/product\/29540\/revisions"}],"predecessor-version":[{"id":35732,"href":"https:\/\/fervent-dubinsky.82-165-171-139.plesk.page\/index.php?rest_route=\/wp\/v2\/product\/29540\/revisions\/35732"}],"wp:featuredmedia":[{"embeddable":true,"href":"https:\/\/fervent-dubinsky.82-165-171-139.plesk.page\/index.php?rest_route=\/wp\/v2\/media\/34169"}],"wp:attachment":[{"href":"https:\/\/fervent-dubinsky.82-165-171-139.plesk.page\/index.php?rest_route=%2Fwp%2Fv2%2Fmedia&parent=29540"}],"wp:term":[{"taxonomy":"product_brand","embeddable":true,"href":"https:\/\/fervent-dubinsky.82-165-171-139.plesk.page\/index.php?rest_route=%2Fwp%2Fv2%2Fproduct_brand&post=29540"},{"taxonomy":"product_cat","embeddable":true,"href":"https:\/\/fervent-dubinsky.82-165-171-139.plesk.page\/index.php?rest_route=%2Fwp%2Fv2%2Fproduct_cat&post=29540"},{"taxonomy":"product_tag","embeddable":true,"href":"https:\/\/fervent-dubinsky.82-165-171-139.plesk.page\/index.php?rest_route=%2Fwp%2Fv2%2Fproduct_tag&post=29540"}],"curies":[{"name":"wp","href":"https:\/\/api.w.org\/{rel}","templated":true}]}}