{"id":29460,"date":"2023-09-03T14:37:17","date_gmt":"2023-09-03T14:37:17","guid":{"rendered":"http:\/\/itpharma.vl24666.dinaserver.com\/?post_type=product&#038;p=29460"},"modified":"2025-01-10T16:58:19","modified_gmt":"2025-01-10T16:58:19","slug":"origin-antienvejecimiento","status":"publish","type":"product","link":"https:\/\/fervent-dubinsky.82-165-171-139.plesk.page\/?product=origin-antienvejecimiento","title":{"rendered":"Origin Antienvejecimiento"},"content":{"rendered":"<p>Origin Antienvejecimiento es un peeling qu\u00edmico de abrasi\u00f3n superficial que utiliza una mezcla de \u00e1cido pir\u00favico, \u00e1cido l\u00e1ctico y gluconolactona en una soluci\u00f3n hidroalcoh\u00f3lica. Este tratamiento est\u00e1 indicado para pieles fotoenvejecidas y deshidratadas, regenerando y renovando la piel mediante una destrucci\u00f3n controlada que estimula la s\u00edntesis de col\u00e1geno y elastina. Mejora la textura, firmeza e hidrataci\u00f3n de la piel, aportando luminosidad y suavidad, y ayuda a disminuir manchas, marcas y la secreci\u00f3n seb\u00e1cea.<\/p>\n","protected":false},"excerpt":{"rendered":"<p>Peeling qu\u00edmico dise\u00f1ado para tratar pieles fotoenvejecidas, mejorando arrugas, firmeza y textura mediante exfoliaci\u00f3n controlada.<\/p>\n","protected":false},"featured_media":29465,"comment_status":"open","ping_status":"closed","template":"","meta":{"_seopress_robots_primary_cat":"none","_seopress_titles_title":"El Peeling Antienvejecimiento de Origin","_seopress_titles_desc":"El Peeling Antienvejecimiento de Origin es un peeling qu\u00edmico indicado para pieles fotoenvejecidas, deshidratadas, secas, con arrugas, etc.","_seopress_robots_index":""},"product_brand":[],"product_cat":[846,861,850],"product_tag":[],"class_list":{"0":"post-29460","1":"product","2":"type-product","3":"status-publish","4":"has-post-thumbnail","6":"product_cat-medicina-estetica","7":"product_cat-origin","8":"product_cat-peelings","10":"first","11":"instock","12":"taxable","13":"shipping-taxable","14":"product-type-simple"},"_links":{"self":[{"href":"https:\/\/fervent-dubinsky.82-165-171-139.plesk.page\/index.php?rest_route=\/wp\/v2\/product\/29460","targetHints":{"allow":["GET"]}}],"collection":[{"href":"https:\/\/fervent-dubinsky.82-165-171-139.plesk.page\/index.php?rest_route=\/wp\/v2\/product"}],"about":[{"href":"https:\/\/fervent-dubinsky.82-165-171-139.plesk.page\/index.php?rest_route=\/wp\/v2\/types\/product"}],"replies":[{"embeddable":true,"href":"https:\/\/fervent-dubinsky.82-165-171-139.plesk.page\/index.php?rest_route=%2Fwp%2Fv2%2Fcomments&post=29460"}],"version-history":[{"count":78,"href":"https:\/\/fervent-dubinsky.82-165-171-139.plesk.page\/index.php?rest_route=\/wp\/v2\/product\/29460\/revisions"}],"predecessor-version":[{"id":35733,"href":"https:\/\/fervent-dubinsky.82-165-171-139.plesk.page\/index.php?rest_route=\/wp\/v2\/product\/29460\/revisions\/35733"}],"wp:featuredmedia":[{"embeddable":true,"href":"https:\/\/fervent-dubinsky.82-165-171-139.plesk.page\/index.php?rest_route=\/wp\/v2\/media\/29465"}],"wp:attachment":[{"href":"https:\/\/fervent-dubinsky.82-165-171-139.plesk.page\/index.php?rest_route=%2Fwp%2Fv2%2Fmedia&parent=29460"}],"wp:term":[{"taxonomy":"product_brand","embeddable":true,"href":"https:\/\/fervent-dubinsky.82-165-171-139.plesk.page\/index.php?rest_route=%2Fwp%2Fv2%2Fproduct_brand&post=29460"},{"taxonomy":"product_cat","embeddable":true,"href":"https:\/\/fervent-dubinsky.82-165-171-139.plesk.page\/index.php?rest_route=%2Fwp%2Fv2%2Fproduct_cat&post=29460"},{"taxonomy":"product_tag","embeddable":true,"href":"https:\/\/fervent-dubinsky.82-165-171-139.plesk.page\/index.php?rest_route=%2Fwp%2Fv2%2Fproduct_tag&post=29460"}],"curies":[{"name":"wp","href":"https:\/\/api.w.org\/{rel}","templated":true}]}}