{"id":28785,"date":"2023-03-23T11:14:44","date_gmt":"2023-03-23T11:14:44","guid":{"rendered":"http:\/\/itpharma.vl24666.dinaserver.com\/?post_type=product&#038;p=28785"},"modified":"2026-02-13T00:03:29","modified_gmt":"2026-02-13T00:03:29","slug":"inbioamber","status":"publish","type":"product","link":"https:\/\/fervent-dubinsky.82-165-171-139.plesk.page\/?product=inbioamber","title":{"rendered":"Inbioamber"},"content":{"rendered":"<p>InbioAmber combina \u00e1cido hialur\u00f3nico para hidrataci\u00f3n profunda con \u00e1cido succ\u00ednico, conocido por sus propiedades antiinflamatorias, regenerantes y antioxidantes. Este tratamiento es ideal para luchar contra el inflammaging y mejorar cicatrices o hiperpigmentaciones.<\/p>\n","protected":false},"excerpt":{"rendered":"<p>Soluci\u00f3n de \u00e1cido hialur\u00f3nico y succ\u00ednico para la rehabilitaci\u00f3n y bioestimulaci\u00f3n d\u00e9rmica.<\/p>\n","protected":false},"featured_media":43127,"comment_status":"open","ping_status":"closed","template":"","meta":{"_seopress_robots_primary_cat":"none","_seopress_titles_title":"InBioAmber | \u00c1mbar Natural Premium para Salud y Bienestar \u2705","_seopress_titles_desc":"Descubre InBioAmber de ITPharma: extracto de \u00e1mbar natural antiinflamatorio, antioxidante y rejuvenecedor. Ideal para salud articular, piel e inmune.","_seopress_robots_index":""},"product_brand":[],"product_cat":[833,835,832,830,840,857,855,838,866],"product_tag":[],"class_list":{"0":"post-28785","1":"product","2":"type-product","3":"status-publish","4":"has-post-thumbnail","6":"product_cat-antioxidante-estetica-profesional","7":"product_cat-cicatrices","8":"product_cat-despigmentacion-estetica-profesional","9":"product_cat-estetica-profesional","10":"product_cat-hidratacion","11":"product_cat-inbiotec","12":"product_cat-lineas-de-producto-estetica","13":"product_cat-piel-sensible","14":"product_cat-tratamientos-de-estetica-profesional","16":"first","17":"instock","18":"taxable","19":"shipping-taxable","20":"product-type-simple"},"_links":{"self":[{"href":"https:\/\/fervent-dubinsky.82-165-171-139.plesk.page\/index.php?rest_route=\/wp\/v2\/product\/28785","targetHints":{"allow":["GET"]}}],"collection":[{"href":"https:\/\/fervent-dubinsky.82-165-171-139.plesk.page\/index.php?rest_route=\/wp\/v2\/product"}],"about":[{"href":"https:\/\/fervent-dubinsky.82-165-171-139.plesk.page\/index.php?rest_route=\/wp\/v2\/types\/product"}],"replies":[{"embeddable":true,"href":"https:\/\/fervent-dubinsky.82-165-171-139.plesk.page\/index.php?rest_route=%2Fwp%2Fv2%2Fcomments&post=28785"}],"version-history":[{"count":5,"href":"https:\/\/fervent-dubinsky.82-165-171-139.plesk.page\/index.php?rest_route=\/wp\/v2\/product\/28785\/revisions"}],"predecessor-version":[{"id":38280,"href":"https:\/\/fervent-dubinsky.82-165-171-139.plesk.page\/index.php?rest_route=\/wp\/v2\/product\/28785\/revisions\/38280"}],"wp:featuredmedia":[{"embeddable":true,"href":"https:\/\/fervent-dubinsky.82-165-171-139.plesk.page\/index.php?rest_route=\/wp\/v2\/media\/43127"}],"wp:attachment":[{"href":"https:\/\/fervent-dubinsky.82-165-171-139.plesk.page\/index.php?rest_route=%2Fwp%2Fv2%2Fmedia&parent=28785"}],"wp:term":[{"taxonomy":"product_brand","embeddable":true,"href":"https:\/\/fervent-dubinsky.82-165-171-139.plesk.page\/index.php?rest_route=%2Fwp%2Fv2%2Fproduct_brand&post=28785"},{"taxonomy":"product_cat","embeddable":true,"href":"https:\/\/fervent-dubinsky.82-165-171-139.plesk.page\/index.php?rest_route=%2Fwp%2Fv2%2Fproduct_cat&post=28785"},{"taxonomy":"product_tag","embeddable":true,"href":"https:\/\/fervent-dubinsky.82-165-171-139.plesk.page\/index.php?rest_route=%2Fwp%2Fv2%2Fproduct_tag&post=28785"}],"curies":[{"name":"wp","href":"https:\/\/api.w.org\/{rel}","templated":true}]}}