{"id":28709,"date":"2023-03-22T17:06:12","date_gmt":"2023-03-22T17:06:12","guid":{"rendered":"http:\/\/itpharma.vl24666.dinaserver.com\/?post_type=product&#038;p=28709"},"modified":"2025-01-10T16:58:20","modified_gmt":"2025-01-10T16:58:20","slug":"body-shape","status":"publish","type":"product","link":"https:\/\/fervent-dubinsky.82-165-171-139.plesk.page\/?product=body-shape","title":{"rendered":"Body Shape"},"content":{"rendered":"<p>Body Shape constituye una combinaci\u00f3n de principios activos que favorecen la lip\u00f3lisis en rostro y ment\u00f3n, inhibiendo tambi\u00e9n la lipog\u00e9nesis. Mejora el drenaje linf\u00e1tico y refuerza la estructura de la piel. Incluye L-carnitina para acelerar el metabolismo y la quema de grasas; troxerutina, meliloto y cumarina asi\u00e1tica para activar el metabolismo en zonas con estr\u00edas o celulitis; y \u00e1cido hialur\u00f3nico para mantener el tejido hidratado y con buen aspecto.<\/p>\n","protected":false},"excerpt":{"rendered":"<p>Cosm\u00e9tico cuyos ingredientes activos refuerzan la estructura de la piel y ayudan a drenar el sistema linf\u00e1tico.<\/p>\n","protected":false},"featured_media":33846,"comment_status":"open","ping_status":"closed","template":"","meta":{"_seopress_robots_primary_cat":"none","_seopress_titles_title":"Body Shape, soluci\u00f3n anticelul\u00edtica","_seopress_titles_desc":"Body Shape es una soluci\u00f3n anticelul\u00edtica con un potente efecto drenante e inductor de la activaci\u00f3n de la microcirculaci\u00f3n.","_seopress_robots_index":""},"product_brand":[],"product_cat":[837,856,830,831,836],"product_tag":[],"class_list":{"0":"post-28709","1":"product","2":"type-product","3":"status-publish","4":"has-post-thumbnail","6":"product_cat-corporal","7":"product_cat-elements","8":"product_cat-estetica-profesional","9":"product_cat-lifting-estetica-profesional","10":"product_cat-microneedling","12":"first","13":"instock","14":"taxable","15":"shipping-taxable","16":"product-type-simple"},"_links":{"self":[{"href":"https:\/\/fervent-dubinsky.82-165-171-139.plesk.page\/index.php?rest_route=\/wp\/v2\/product\/28709","targetHints":{"allow":["GET"]}}],"collection":[{"href":"https:\/\/fervent-dubinsky.82-165-171-139.plesk.page\/index.php?rest_route=\/wp\/v2\/product"}],"about":[{"href":"https:\/\/fervent-dubinsky.82-165-171-139.plesk.page\/index.php?rest_route=\/wp\/v2\/types\/product"}],"replies":[{"embeddable":true,"href":"https:\/\/fervent-dubinsky.82-165-171-139.plesk.page\/index.php?rest_route=%2Fwp%2Fv2%2Fcomments&post=28709"}],"version-history":[{"count":6,"href":"https:\/\/fervent-dubinsky.82-165-171-139.plesk.page\/index.php?rest_route=\/wp\/v2\/product\/28709\/revisions"}],"predecessor-version":[{"id":35735,"href":"https:\/\/fervent-dubinsky.82-165-171-139.plesk.page\/index.php?rest_route=\/wp\/v2\/product\/28709\/revisions\/35735"}],"wp:featuredmedia":[{"embeddable":true,"href":"https:\/\/fervent-dubinsky.82-165-171-139.plesk.page\/index.php?rest_route=\/wp\/v2\/media\/33846"}],"wp:attachment":[{"href":"https:\/\/fervent-dubinsky.82-165-171-139.plesk.page\/index.php?rest_route=%2Fwp%2Fv2%2Fmedia&parent=28709"}],"wp:term":[{"taxonomy":"product_brand","embeddable":true,"href":"https:\/\/fervent-dubinsky.82-165-171-139.plesk.page\/index.php?rest_route=%2Fwp%2Fv2%2Fproduct_brand&post=28709"},{"taxonomy":"product_cat","embeddable":true,"href":"https:\/\/fervent-dubinsky.82-165-171-139.plesk.page\/index.php?rest_route=%2Fwp%2Fv2%2Fproduct_cat&post=28709"},{"taxonomy":"product_tag","embeddable":true,"href":"https:\/\/fervent-dubinsky.82-165-171-139.plesk.page\/index.php?rest_route=%2Fwp%2Fv2%2Fproduct_tag&post=28709"}],"curies":[{"name":"wp","href":"https:\/\/api.w.org\/{rel}","templated":true}]}}