{"id":24586,"date":"2022-05-26T07:38:54","date_gmt":"2022-05-26T07:38:54","guid":{"rendered":"http:\/\/itpharma.vl24666.dinaserver.com\/?post_type=product&#038;p=24586"},"modified":"2026-02-13T00:29:14","modified_gmt":"2026-02-13T00:29:14","slug":"inbiowhite","status":"publish","type":"product","link":"https:\/\/fervent-dubinsky.82-165-171-139.plesk.page\/?product=inbiowhite","title":{"rendered":"Inbiowhite"},"content":{"rendered":"<p>Inbiowhite es ideal para tratar pieles castigadas, inhibiendo la producci\u00f3n de melanina para optimizar el tono de la piel. Su f\u00f3rmula liofilizada combina \u00e1cido tranex\u00e1mico, niacinamida y silicio org\u00e1nico, ofreciendo propiedades blanqueantes, antipigmentantes y reafirmantes mientras protege la piel de agresiones externas.<\/p>\n","protected":false},"excerpt":{"rendered":"<p>Liofilizado cuyos ingredientes activos optimizan el tono de la piel con funciones blanqueantes, antipigmentantes y reafirmantes.<\/p>\n","protected":false},"featured_media":34066,"comment_status":"open","ping_status":"closed","template":"","meta":{"_seopress_robots_primary_cat":"none","_seopress_titles_title":"InBioWhite | Soluci\u00f3n antimanchas para un tono de piel uniforme\u200b","_seopress_titles_desc":"\u00a1InBioWhite de ITPharma! Elimina manchas oscuras, ilumina y reafirma tu piel con \u00e1cido tranex\u00e1mico + niacinamida. \u00a1Piel perfecta YA! Descubre m\u00e1s.","_seopress_robots_index":""},"product_brand":[],"product_cat":[835,837,832,830,857,836],"product_tag":[],"class_list":{"0":"post-24586","1":"product","2":"type-product","3":"status-publish","4":"has-post-thumbnail","6":"product_cat-cicatrices","7":"product_cat-corporal","8":"product_cat-despigmentacion-estetica-profesional","9":"product_cat-estetica-profesional","10":"product_cat-inbiotec","11":"product_cat-microneedling","13":"first","14":"instock","15":"taxable","16":"shipping-taxable","17":"product-type-simple"},"_links":{"self":[{"href":"https:\/\/fervent-dubinsky.82-165-171-139.plesk.page\/index.php?rest_route=\/wp\/v2\/product\/24586","targetHints":{"allow":["GET"]}}],"collection":[{"href":"https:\/\/fervent-dubinsky.82-165-171-139.plesk.page\/index.php?rest_route=\/wp\/v2\/product"}],"about":[{"href":"https:\/\/fervent-dubinsky.82-165-171-139.plesk.page\/index.php?rest_route=\/wp\/v2\/types\/product"}],"replies":[{"embeddable":true,"href":"https:\/\/fervent-dubinsky.82-165-171-139.plesk.page\/index.php?rest_route=%2Fwp%2Fv2%2Fcomments&post=24586"}],"version-history":[{"count":5,"href":"https:\/\/fervent-dubinsky.82-165-171-139.plesk.page\/index.php?rest_route=\/wp\/v2\/product\/24586\/revisions"}],"predecessor-version":[{"id":33498,"href":"https:\/\/fervent-dubinsky.82-165-171-139.plesk.page\/index.php?rest_route=\/wp\/v2\/product\/24586\/revisions\/33498"}],"wp:featuredmedia":[{"embeddable":true,"href":"https:\/\/fervent-dubinsky.82-165-171-139.plesk.page\/index.php?rest_route=\/wp\/v2\/media\/34066"}],"wp:attachment":[{"href":"https:\/\/fervent-dubinsky.82-165-171-139.plesk.page\/index.php?rest_route=%2Fwp%2Fv2%2Fmedia&parent=24586"}],"wp:term":[{"taxonomy":"product_brand","embeddable":true,"href":"https:\/\/fervent-dubinsky.82-165-171-139.plesk.page\/index.php?rest_route=%2Fwp%2Fv2%2Fproduct_brand&post=24586"},{"taxonomy":"product_cat","embeddable":true,"href":"https:\/\/fervent-dubinsky.82-165-171-139.plesk.page\/index.php?rest_route=%2Fwp%2Fv2%2Fproduct_cat&post=24586"},{"taxonomy":"product_tag","embeddable":true,"href":"https:\/\/fervent-dubinsky.82-165-171-139.plesk.page\/index.php?rest_route=%2Fwp%2Fv2%2Fproduct_tag&post=24586"}],"curies":[{"name":"wp","href":"https:\/\/api.w.org\/{rel}","templated":true}]}}