{"id":15368,"date":"2021-01-27T10:06:43","date_gmt":"2021-01-27T10:06:43","guid":{"rendered":"https:\/\/itpharmalab.com\/?post_type=product&#038;p=15368"},"modified":"2026-02-13T00:43:04","modified_gmt":"2026-02-13T00:43:04","slug":"ultra-eye-contour","status":"publish","type":"product","link":"https:\/\/fervent-dubinsky.82-165-171-139.plesk.page\/?product=ultra-eye-contour","title":{"rendered":"Ultra Eye Contour"},"content":{"rendered":"<p>Ultra Eye Contour es un contorno de ojos dise\u00f1ado para rejuvenecer la mirada, formulado con p\u00e9ptidos que mejoran el aspecto de la piel y estimulan la microcirculaci\u00f3n. Mantiene la elasticidad y suavidad de la piel, reduce las l\u00edneas de expresi\u00f3n y combate las bolsas y la pigmentaci\u00f3n de las ojeras. Incluye un innovador dispositivo vibratorio que mejora la absorci\u00f3n del producto sin necesidad de tocar la f\u00f3rmula, optimizando su eficacia.<\/p>\n","protected":false},"excerpt":{"rendered":"<p>Contorno de ojos con p\u00e9ptidos que mejoran la piel y la microcirculaci\u00f3n, reduciendo bolsas, ojeras y l\u00edneas de expresi\u00f3n.<\/p>\n","protected":false},"featured_media":34134,"comment_status":"open","ping_status":"closed","template":"","meta":{"_seopress_robots_primary_cat":"none","_seopress_titles_title":"Ultra Eye Contour ITPharma: \u00a1Desp\u00eddete de Ojeras y Bolsas Ya!","_seopress_titles_desc":"\u00a1Ultra Eye Contour! Serum rejuvenecedor elimina ojeras, bolsas y l\u00edneas YA. P\u00e9ptidos + cafe\u00edna + retinol + vibraci\u00f3n para mirada radiante. \u00a1Despierta bella!","_seopress_robots_index":""},"product_brand":[],"product_cat":[858,830,840,855,836,843,842],"product_tag":[],"class_list":{"0":"post-15368","1":"product","2":"type-product","3":"status-publish","4":"has-post-thumbnail","6":"product_cat-essentials","7":"product_cat-estetica-profesional","8":"product_cat-hidratacion","9":"product_cat-lineas-de-producto-estetica","10":"product_cat-microneedling","11":"product_cat-ojeras","12":"product_cat-post-tratamiento","14":"first","15":"instock","16":"taxable","17":"shipping-taxable","18":"product-type-simple"},"_links":{"self":[{"href":"https:\/\/fervent-dubinsky.82-165-171-139.plesk.page\/index.php?rest_route=\/wp\/v2\/product\/15368","targetHints":{"allow":["GET"]}}],"collection":[{"href":"https:\/\/fervent-dubinsky.82-165-171-139.plesk.page\/index.php?rest_route=\/wp\/v2\/product"}],"about":[{"href":"https:\/\/fervent-dubinsky.82-165-171-139.plesk.page\/index.php?rest_route=\/wp\/v2\/types\/product"}],"replies":[{"embeddable":true,"href":"https:\/\/fervent-dubinsky.82-165-171-139.plesk.page\/index.php?rest_route=%2Fwp%2Fv2%2Fcomments&post=15368"}],"version-history":[{"count":4,"href":"https:\/\/fervent-dubinsky.82-165-171-139.plesk.page\/index.php?rest_route=\/wp\/v2\/product\/15368\/revisions"}],"predecessor-version":[{"id":35737,"href":"https:\/\/fervent-dubinsky.82-165-171-139.plesk.page\/index.php?rest_route=\/wp\/v2\/product\/15368\/revisions\/35737"}],"wp:featuredmedia":[{"embeddable":true,"href":"https:\/\/fervent-dubinsky.82-165-171-139.plesk.page\/index.php?rest_route=\/wp\/v2\/media\/34134"}],"wp:attachment":[{"href":"https:\/\/fervent-dubinsky.82-165-171-139.plesk.page\/index.php?rest_route=%2Fwp%2Fv2%2Fmedia&parent=15368"}],"wp:term":[{"taxonomy":"product_brand","embeddable":true,"href":"https:\/\/fervent-dubinsky.82-165-171-139.plesk.page\/index.php?rest_route=%2Fwp%2Fv2%2Fproduct_brand&post=15368"},{"taxonomy":"product_cat","embeddable":true,"href":"https:\/\/fervent-dubinsky.82-165-171-139.plesk.page\/index.php?rest_route=%2Fwp%2Fv2%2Fproduct_cat&post=15368"},{"taxonomy":"product_tag","embeddable":true,"href":"https:\/\/fervent-dubinsky.82-165-171-139.plesk.page\/index.php?rest_route=%2Fwp%2Fv2%2Fproduct_tag&post=15368"}],"curies":[{"name":"wp","href":"https:\/\/api.w.org\/{rel}","templated":true}]}}