{"id":14316,"date":"2020-12-11T10:02:52","date_gmt":"2020-12-11T10:02:52","guid":{"rendered":"https:\/\/itpharmalab.com\/?post_type=product&#038;p=14316"},"modified":"2026-03-11T21:11:27","modified_gmt":"2026-03-11T21:11:27","slug":"ultra-k","status":"publish","type":"product","link":"https:\/\/fervent-dubinsky.82-165-171-139.plesk.page\/?product=ultra-k","title":{"rendered":"Ultra K Cream"},"content":{"rendered":"<p>Ultra K Cream est\u00e1 formulada con vitamina K y \u00e1rnica para acelerar la recuperaci\u00f3n de la piel tras tratamientos est\u00e9ticos y cosm\u00e9ticos. Reduce la inflamaci\u00f3n, rojeces y calma la piel, aliviando irritaciones y proporcionando hidrataci\u00f3n para una regeneraci\u00f3n r\u00e1pida y efectiva. Adem\u00e1s, sus ingredientes activos antioxidantes y antiinflamatorios mejoran la circulaci\u00f3n sangu\u00ednea y aportan elasticidad a la piel.<\/p>\n","protected":false},"excerpt":{"rendered":"<p>Crema regenerante a base de vitamina K y \u00e1rnica que acelera los procesos de recuperaci\u00f3n de la piel, reduce inflamaci\u00f3n y calma la irritaci\u00f3n.<\/p>\n","protected":false},"featured_media":34146,"comment_status":"open","ping_status":"closed","template":"","meta":{"_seopress_robots_primary_cat":"none","_seopress_titles_title":"Ultra K Cream IT Pharma: Regenera Piel Post L\u00e1ser y Peelings","_seopress_titles_desc":"Recupera tu piel r\u00e1pido con Ultra K Cream: reduce rojeces e inflamaci\u00f3n post l\u00e1ser y peelings. Vitamina K, \u00e1rnica y hialur\u00f3nico. \u00a1Compra ahora en IT Pharma! \u2728","_seopress_robots_index":""},"product_brand":[],"product_cat":[832,858,830,838,842],"product_tag":[],"class_list":{"0":"post-14316","1":"product","2":"type-product","3":"status-publish","4":"has-post-thumbnail","6":"product_cat-despigmentacion-estetica-profesional","7":"product_cat-essentials","8":"product_cat-estetica-profesional","9":"product_cat-piel-sensible","10":"product_cat-post-tratamiento","12":"first","13":"instock","14":"taxable","15":"shipping-taxable","16":"product-type-simple"},"_links":{"self":[{"href":"https:\/\/fervent-dubinsky.82-165-171-139.plesk.page\/index.php?rest_route=\/wp\/v2\/product\/14316","targetHints":{"allow":["GET"]}}],"collection":[{"href":"https:\/\/fervent-dubinsky.82-165-171-139.plesk.page\/index.php?rest_route=\/wp\/v2\/product"}],"about":[{"href":"https:\/\/fervent-dubinsky.82-165-171-139.plesk.page\/index.php?rest_route=\/wp\/v2\/types\/product"}],"replies":[{"embeddable":true,"href":"https:\/\/fervent-dubinsky.82-165-171-139.plesk.page\/index.php?rest_route=%2Fwp%2Fv2%2Fcomments&post=14316"}],"version-history":[{"count":3,"href":"https:\/\/fervent-dubinsky.82-165-171-139.plesk.page\/index.php?rest_route=\/wp\/v2\/product\/14316\/revisions"}],"predecessor-version":[{"id":35738,"href":"https:\/\/fervent-dubinsky.82-165-171-139.plesk.page\/index.php?rest_route=\/wp\/v2\/product\/14316\/revisions\/35738"}],"wp:featuredmedia":[{"embeddable":true,"href":"https:\/\/fervent-dubinsky.82-165-171-139.plesk.page\/index.php?rest_route=\/wp\/v2\/media\/34146"}],"wp:attachment":[{"href":"https:\/\/fervent-dubinsky.82-165-171-139.plesk.page\/index.php?rest_route=%2Fwp%2Fv2%2Fmedia&parent=14316"}],"wp:term":[{"taxonomy":"product_brand","embeddable":true,"href":"https:\/\/fervent-dubinsky.82-165-171-139.plesk.page\/index.php?rest_route=%2Fwp%2Fv2%2Fproduct_brand&post=14316"},{"taxonomy":"product_cat","embeddable":true,"href":"https:\/\/fervent-dubinsky.82-165-171-139.plesk.page\/index.php?rest_route=%2Fwp%2Fv2%2Fproduct_cat&post=14316"},{"taxonomy":"product_tag","embeddable":true,"href":"https:\/\/fervent-dubinsky.82-165-171-139.plesk.page\/index.php?rest_route=%2Fwp%2Fv2%2Fproduct_tag&post=14316"}],"curies":[{"name":"wp","href":"https:\/\/api.w.org\/{rel}","templated":true}]}}