{"id":11266,"date":"2020-06-01T10:08:30","date_gmt":"2020-06-01T10:08:30","guid":{"rendered":"https:\/\/itpharmalab.com\/?post_type=product&#038;p=11266"},"modified":"2025-02-04T03:59:23","modified_gmt":"2025-02-04T03:59:23","slug":"ha-lifting-classic","status":"publish","type":"product","link":"https:\/\/fervent-dubinsky.82-165-171-139.plesk.page\/?product=ha-lifting-classic","title":{"rendered":"HA Lifting Classic"},"content":{"rendered":"<p>El \u00e1cido hialur\u00f3nico, principal ingrediente de esta f\u00f3rmula, participa en la s\u00edntesis de col\u00e1geno y es capaz de redensificar e hidratar la piel gracias a su gran capacidad higrosc\u00f3pica. Este producto es una base esencial en cualquier tratamiento est\u00e9tico, proporcionando firmeza y vitalidad a la piel.<\/p>\n","protected":false},"excerpt":{"rendered":"<p>Cosm\u00e9tico cuyos ingredientes activos ayudan a mejorar la s\u00edntesis de col\u00e1geno, hidratar y redensificar la piel.<\/p>\n","protected":false},"featured_media":33858,"comment_status":"open","ping_status":"closed","template":"","meta":{"_seopress_robots_primary_cat":"none","_seopress_titles_title":"HA Lifting Classic, la f\u00f3rmula de \u00e1cido hialur\u00f3nico de IT Pharma","_seopress_titles_desc":"HA Lifting Classic es el \u00e1cido hialur\u00f3nico de IT Pharma empleado para tratamientos faciales, antiaging, revitalizadores de la piel.","_seopress_robots_index":""},"product_brand":[],"product_cat":[845,835,856,830,840,831,836],"product_tag":[],"class_list":{"0":"post-11266","1":"product","2":"type-product","3":"status-publish","4":"has-post-thumbnail","6":"product_cat-capilar","7":"product_cat-cicatrices","8":"product_cat-elements","9":"product_cat-estetica-profesional","10":"product_cat-hidratacion","11":"product_cat-lifting-estetica-profesional","12":"product_cat-microneedling","14":"first","15":"instock","16":"taxable","17":"shipping-taxable","18":"product-type-simple"},"_links":{"self":[{"href":"https:\/\/fervent-dubinsky.82-165-171-139.plesk.page\/index.php?rest_route=\/wp\/v2\/product\/11266","targetHints":{"allow":["GET"]}}],"collection":[{"href":"https:\/\/fervent-dubinsky.82-165-171-139.plesk.page\/index.php?rest_route=\/wp\/v2\/product"}],"about":[{"href":"https:\/\/fervent-dubinsky.82-165-171-139.plesk.page\/index.php?rest_route=\/wp\/v2\/types\/product"}],"replies":[{"embeddable":true,"href":"https:\/\/fervent-dubinsky.82-165-171-139.plesk.page\/index.php?rest_route=%2Fwp%2Fv2%2Fcomments&post=11266"}],"version-history":[{"count":5,"href":"https:\/\/fervent-dubinsky.82-165-171-139.plesk.page\/index.php?rest_route=\/wp\/v2\/product\/11266\/revisions"}],"predecessor-version":[{"id":38274,"href":"https:\/\/fervent-dubinsky.82-165-171-139.plesk.page\/index.php?rest_route=\/wp\/v2\/product\/11266\/revisions\/38274"}],"wp:featuredmedia":[{"embeddable":true,"href":"https:\/\/fervent-dubinsky.82-165-171-139.plesk.page\/index.php?rest_route=\/wp\/v2\/media\/33858"}],"wp:attachment":[{"href":"https:\/\/fervent-dubinsky.82-165-171-139.plesk.page\/index.php?rest_route=%2Fwp%2Fv2%2Fmedia&parent=11266"}],"wp:term":[{"taxonomy":"product_brand","embeddable":true,"href":"https:\/\/fervent-dubinsky.82-165-171-139.plesk.page\/index.php?rest_route=%2Fwp%2Fv2%2Fproduct_brand&post=11266"},{"taxonomy":"product_cat","embeddable":true,"href":"https:\/\/fervent-dubinsky.82-165-171-139.plesk.page\/index.php?rest_route=%2Fwp%2Fv2%2Fproduct_cat&post=11266"},{"taxonomy":"product_tag","embeddable":true,"href":"https:\/\/fervent-dubinsky.82-165-171-139.plesk.page\/index.php?rest_route=%2Fwp%2Fv2%2Fproduct_tag&post=11266"}],"curies":[{"name":"wp","href":"https:\/\/api.w.org\/{rel}","templated":true}]}}